{"id":2,"date":"2020-02-03T12:31:18","date_gmt":"2020-02-03T11:31:18","guid":{"rendered":"https:\/\/256859-www.web.tornado-node.net\/askollen\/?page_id=2"},"modified":"2025-05-12T12:23:21","modified_gmt":"2025-05-12T10:23:21","slug":"testside","status":"publish","type":"page","link":"https:\/\/formateiendom.no\/askollen\/","title":{"rendered":"\u00c5skollen N\u00e6ringsomr\u00e5de"},"content":{"rendered":"<h1>\u00c5skollen<\/h1>\n<p>T\u00f8nsberg<\/p>\n<p>P\u00e5 \u00c5skollen ved E18 i T\u00f8nsberg ligger betydelig n\u00e6ringsmiddelindustri som Nortura og Tine lokalisert.&nbsp;<\/p>\n<p>For \u00e5 etablere tomtereserve for reloklalisering av annen n\u00e6ringsmiddelindustri, er det b\u00e5de gjennom regional plan og kommuneplan avsatt areal for videreutvikling av n\u00e6ringsklyngen p\u00e5 \u00c5skollen.<\/p>\n<p>&nbsp;\u00c5skollen ligger ved \u00c5s-krysset som er et viktig kryss der hovedaksen FV 35 (Bispeveien) krysser E18 og g\u00e5r videre mot T\u00f8nsberg.<\/p>\n<p>N\u00e6ringsmiddelindustrien her er blant Vestfolds st\u00f8rste arbeidsplasser og representerer nest st\u00f8rst verdiskapning i fylket. Industrien er viktig for landbruket i Vestfold spesielt og for hele matvarekjeden i regionen. Videreutvikling av n\u00e6ringsmiddelindustrien gir potensial for en betydelig styrking av n\u00e6ringsklyngen med mulighet for betydelige synergieffekter for b\u00e5de nye og eksisterende virksomheter.&nbsp;<\/p>\n<p>M\u00e5let er \u00e5 utvikle et kraftsenter for n\u00e6ringsmiddelindustri p\u00e5 \u00d8stlandet. Samlokalisering kan gi samarbeids- og synergieffekter bl.a innen innovasjon, rekruttering, oppl\u00e6ring, vedlikehold, energil\u00f8sninger, frysekapasitet, distribusjon, sikkerhet mm<\/p>\n<ul style=\"color: #fff;line-height: 2\">\n<li>Beliggenhet: Sem, T\u00f8nsberg<\/li>\n<li>Tomteareal: ca 80 da<\/li>\n<li>Utviklingspotensiale: 50.000 m2<\/li>\n<li>Type bygg: Kontor, produksjon, lager<\/li>\n<li>Status: I salg<\/li>\n<\/ul>\n<h2>\u00d8nsker du \u00e5 holde deg oppdatert om prosjektet?<\/h2>\n<p><img decoding=\"async\" src=\"https:\/\/formateiendom.no\/askollen\/wp-content\/uploads\/sites\/16\/2020\/04\/Sigbj\u00f8rn-Myhre003.jpg\" title=\"\" alt=\"\"><\/p>\n<p><strong>Sigbj\u00f8rn Myhre<\/strong><br \/>\nTel.: 920 84 663<br \/>\nEpost: <a style=\"color: #808080\" href=\"mailto:ojo@formateiendom.no\">sim@formateiendom.no<\/a><\/p>\n","protected":false},"excerpt":{"rendered":"<p>\u00c5skollen T\u00f8nsberg P\u00e5 \u00c5skollen ved E18 i T\u00f8nsberg ligger betydelig n\u00e6ringsmiddelindustri som Nortura og Tine lokalisert.&nbsp; For \u00e5 etablere tomtereserve for reloklalisering av annen n\u00e6ringsmiddelindustri, er det b\u00e5de gjennom regional plan og kommuneplan avsatt areal for videreutvikling av n\u00e6ringsklyngen p\u00e5 \u00c5skollen. &nbsp;\u00c5skollen ligger ved \u00c5s-krysset som er et viktig kryss der hovedaksen FV 35 (Bispeveien) [&hellip;]<\/p>\n","protected":false},"author":1,"featured_media":221,"parent":0,"menu_order":0,"comment_status":"closed","ping_status":"closed","template":"page-home.php","meta":{"inline_featured_image":false,"footnotes":""},"class_list":["post-2","page","type-page","status-publish","has-post-thumbnail","hentry"],"yoast_head":"<!-- This site is optimized with the Yoast SEO plugin v26.9 - https:\/\/yoast.com\/product\/yoast-seo-wordpress\/ -->\n<title>\u00c5skollen N\u00e6ringsomr\u00e5de - \u00c5skollen<\/title>\n<meta name=\"robots\" content=\"index, follow, max-snippet:-1, max-image-preview:large, max-video-preview:-1\" \/>\n<link rel=\"canonical\" href=\"https:\/\/formateiendom.no\/askollen\/\" \/>\n<meta property=\"og:locale\" content=\"nb_NO\" \/>\n<meta property=\"og:type\" content=\"article\" \/>\n<meta property=\"og:title\" content=\"\u00c5skollen N\u00e6ringsomr\u00e5de - \u00c5skollen\" \/>\n<meta property=\"og:description\" content=\"\u00c5skollen T\u00f8nsberg P\u00e5 \u00c5skollen ved E18 i T\u00f8nsberg ligger betydelig n\u00e6ringsmiddelindustri som Nortura og Tine lokalisert.&nbsp; For \u00e5 etablere tomtereserve for reloklalisering av annen n\u00e6ringsmiddelindustri, er det b\u00e5de gjennom regional plan og kommuneplan avsatt areal for videreutvikling av n\u00e6ringsklyngen p\u00e5 \u00c5skollen. &nbsp;\u00c5skollen ligger ved \u00c5s-krysset som er et viktig kryss der hovedaksen FV 35 (Bispeveien) [&hellip;]\" \/>\n<meta property=\"og:url\" content=\"https:\/\/formateiendom.no\/askollen\/\" \/>\n<meta property=\"og:site_name\" content=\"\u00c5skollen\" \/>\n<meta property=\"article:modified_time\" content=\"2025-05-12T10:23:21+00:00\" \/>\n<meta property=\"og:image\" content=\"https:\/\/formateiendom.no\/askollen\/wp-content\/uploads\/sites\/16\/2024\/06\/Askollen-dronebilde-fryselager-og-storbilvask.jpg\" \/>\n\t<meta property=\"og:image:width\" content=\"1920\" \/>\n\t<meta property=\"og:image:height\" content=\"1080\" \/>\n\t<meta property=\"og:image:type\" content=\"image\/jpeg\" \/>\n<meta name=\"twitter:card\" content=\"summary_large_image\" \/>\n<meta name=\"twitter:label1\" content=\"Ansl. lesetid\" \/>\n\t<meta name=\"twitter:data1\" content=\"2 minutter\" \/>\n<script type=\"application\/ld+json\" class=\"yoast-schema-graph\">{\"@context\":\"https:\/\/schema.org\",\"@graph\":[{\"@type\":\"WebPage\",\"@id\":\"https:\/\/formateiendom.no\/askollen\/\",\"url\":\"https:\/\/formateiendom.no\/askollen\/\",\"name\":\"\u00c5skollen N\u00e6ringsomr\u00e5de - \u00c5skollen\",\"isPartOf\":{\"@id\":\"https:\/\/formateiendom.no\/askollen\/#website\"},\"primaryImageOfPage\":{\"@id\":\"https:\/\/formateiendom.no\/askollen\/#primaryimage\"},\"image\":{\"@id\":\"https:\/\/formateiendom.no\/askollen\/#primaryimage\"},\"thumbnailUrl\":\"https:\/\/formateiendom.no\/askollen\/wp-content\/uploads\/sites\/16\/2024\/06\/Askollen-dronebilde-fryselager-og-storbilvask.jpg\",\"datePublished\":\"2020-02-03T11:31:18+00:00\",\"dateModified\":\"2025-05-12T10:23:21+00:00\",\"breadcrumb\":{\"@id\":\"https:\/\/formateiendom.no\/askollen\/#breadcrumb\"},\"inLanguage\":\"nb-NO\",\"potentialAction\":[{\"@type\":\"ReadAction\",\"target\":[\"https:\/\/formateiendom.no\/askollen\/\"]}]},{\"@type\":\"ImageObject\",\"inLanguage\":\"nb-NO\",\"@id\":\"https:\/\/formateiendom.no\/askollen\/#primaryimage\",\"url\":\"https:\/\/formateiendom.no\/askollen\/wp-content\/uploads\/sites\/16\/2024\/06\/Askollen-dronebilde-fryselager-og-storbilvask.jpg\",\"contentUrl\":\"https:\/\/formateiendom.no\/askollen\/wp-content\/uploads\/sites\/16\/2024\/06\/Askollen-dronebilde-fryselager-og-storbilvask.jpg\",\"width\":1920,\"height\":1080},{\"@type\":\"BreadcrumbList\",\"@id\":\"https:\/\/formateiendom.no\/askollen\/#breadcrumb\",\"itemListElement\":[{\"@type\":\"ListItem\",\"position\":1,\"name\":\"Hjem\",\"item\":\"https:\/\/formateiendom.no\/askollen\/\"},{\"@type\":\"ListItem\",\"position\":2,\"name\":\"\u00c5skollen N\u00e6ringsomr\u00e5de\"}]},{\"@type\":\"WebSite\",\"@id\":\"https:\/\/formateiendom.no\/askollen\/#website\",\"url\":\"https:\/\/formateiendom.no\/askollen\/\",\"name\":\"\u00c5skollen\",\"description\":\"Et Format Eiendom-prosjekt\",\"publisher\":{\"@id\":\"https:\/\/formateiendom.no\/askollen\/#organization\"},\"potentialAction\":[{\"@type\":\"SearchAction\",\"target\":{\"@type\":\"EntryPoint\",\"urlTemplate\":\"https:\/\/formateiendom.no\/askollen\/?s={search_term_string}\"},\"query-input\":{\"@type\":\"PropertyValueSpecification\",\"valueRequired\":true,\"valueName\":\"search_term_string\"}}],\"inLanguage\":\"nb-NO\"},{\"@type\":\"Organization\",\"@id\":\"https:\/\/formateiendom.no\/askollen\/#organization\",\"name\":\"\u00c5skollen\",\"url\":\"https:\/\/formateiendom.no\/askollen\/\",\"logo\":{\"@type\":\"ImageObject\",\"inLanguage\":\"nb-NO\",\"@id\":\"https:\/\/formateiendom.no\/askollen\/#\/schema\/logo\/image\/\",\"url\":\"https:\/\/formateiendom.no\/askollen\/wp-content\/uploads\/sites\/16\/2020\/03\/cropped-cropped-Format_logo_horisontal_RGB.png\",\"contentUrl\":\"https:\/\/formateiendom.no\/askollen\/wp-content\/uploads\/sites\/16\/2020\/03\/cropped-cropped-Format_logo_horisontal_RGB.png\",\"width\":850,\"height\":182,\"caption\":\"\u00c5skollen\"},\"image\":{\"@id\":\"https:\/\/formateiendom.no\/askollen\/#\/schema\/logo\/image\/\"}}]}<\/script>\n<!-- \/ Yoast SEO plugin. -->","yoast_head_json":{"title":"\u00c5skollen N\u00e6ringsomr\u00e5de - \u00c5skollen","robots":{"index":"index","follow":"follow","max-snippet":"max-snippet:-1","max-image-preview":"max-image-preview:large","max-video-preview":"max-video-preview:-1"},"canonical":"https:\/\/formateiendom.no\/askollen\/","og_locale":"nb_NO","og_type":"article","og_title":"\u00c5skollen N\u00e6ringsomr\u00e5de - \u00c5skollen","og_description":"\u00c5skollen T\u00f8nsberg P\u00e5 \u00c5skollen ved E18 i T\u00f8nsberg ligger betydelig n\u00e6ringsmiddelindustri som Nortura og Tine lokalisert.&nbsp; For \u00e5 etablere tomtereserve for reloklalisering av annen n\u00e6ringsmiddelindustri, er det b\u00e5de gjennom regional plan og kommuneplan avsatt areal for videreutvikling av n\u00e6ringsklyngen p\u00e5 \u00c5skollen. &nbsp;\u00c5skollen ligger ved \u00c5s-krysset som er et viktig kryss der hovedaksen FV 35 (Bispeveien) [&hellip;]","og_url":"https:\/\/formateiendom.no\/askollen\/","og_site_name":"\u00c5skollen","article_modified_time":"2025-05-12T10:23:21+00:00","og_image":[{"width":1920,"height":1080,"url":"https:\/\/formateiendom.no\/askollen\/wp-content\/uploads\/sites\/16\/2024\/06\/Askollen-dronebilde-fryselager-og-storbilvask.jpg","type":"image\/jpeg"}],"twitter_card":"summary_large_image","twitter_misc":{"Ansl. lesetid":"2 minutter"},"schema":{"@context":"https:\/\/schema.org","@graph":[{"@type":"WebPage","@id":"https:\/\/formateiendom.no\/askollen\/","url":"https:\/\/formateiendom.no\/askollen\/","name":"\u00c5skollen N\u00e6ringsomr\u00e5de - \u00c5skollen","isPartOf":{"@id":"https:\/\/formateiendom.no\/askollen\/#website"},"primaryImageOfPage":{"@id":"https:\/\/formateiendom.no\/askollen\/#primaryimage"},"image":{"@id":"https:\/\/formateiendom.no\/askollen\/#primaryimage"},"thumbnailUrl":"https:\/\/formateiendom.no\/askollen\/wp-content\/uploads\/sites\/16\/2024\/06\/Askollen-dronebilde-fryselager-og-storbilvask.jpg","datePublished":"2020-02-03T11:31:18+00:00","dateModified":"2025-05-12T10:23:21+00:00","breadcrumb":{"@id":"https:\/\/formateiendom.no\/askollen\/#breadcrumb"},"inLanguage":"nb-NO","potentialAction":[{"@type":"ReadAction","target":["https:\/\/formateiendom.no\/askollen\/"]}]},{"@type":"ImageObject","inLanguage":"nb-NO","@id":"https:\/\/formateiendom.no\/askollen\/#primaryimage","url":"https:\/\/formateiendom.no\/askollen\/wp-content\/uploads\/sites\/16\/2024\/06\/Askollen-dronebilde-fryselager-og-storbilvask.jpg","contentUrl":"https:\/\/formateiendom.no\/askollen\/wp-content\/uploads\/sites\/16\/2024\/06\/Askollen-dronebilde-fryselager-og-storbilvask.jpg","width":1920,"height":1080},{"@type":"BreadcrumbList","@id":"https:\/\/formateiendom.no\/askollen\/#breadcrumb","itemListElement":[{"@type":"ListItem","position":1,"name":"Hjem","item":"https:\/\/formateiendom.no\/askollen\/"},{"@type":"ListItem","position":2,"name":"\u00c5skollen N\u00e6ringsomr\u00e5de"}]},{"@type":"WebSite","@id":"https:\/\/formateiendom.no\/askollen\/#website","url":"https:\/\/formateiendom.no\/askollen\/","name":"\u00c5skollen","description":"Et Format Eiendom-prosjekt","publisher":{"@id":"https:\/\/formateiendom.no\/askollen\/#organization"},"potentialAction":[{"@type":"SearchAction","target":{"@type":"EntryPoint","urlTemplate":"https:\/\/formateiendom.no\/askollen\/?s={search_term_string}"},"query-input":{"@type":"PropertyValueSpecification","valueRequired":true,"valueName":"search_term_string"}}],"inLanguage":"nb-NO"},{"@type":"Organization","@id":"https:\/\/formateiendom.no\/askollen\/#organization","name":"\u00c5skollen","url":"https:\/\/formateiendom.no\/askollen\/","logo":{"@type":"ImageObject","inLanguage":"nb-NO","@id":"https:\/\/formateiendom.no\/askollen\/#\/schema\/logo\/image\/","url":"https:\/\/formateiendom.no\/askollen\/wp-content\/uploads\/sites\/16\/2020\/03\/cropped-cropped-Format_logo_horisontal_RGB.png","contentUrl":"https:\/\/formateiendom.no\/askollen\/wp-content\/uploads\/sites\/16\/2020\/03\/cropped-cropped-Format_logo_horisontal_RGB.png","width":850,"height":182,"caption":"\u00c5skollen"},"image":{"@id":"https:\/\/formateiendom.no\/askollen\/#\/schema\/logo\/image\/"}}]}},"acf":[],"_links":{"self":[{"href":"https:\/\/formateiendom.no\/askollen\/wp-json\/wp\/v2\/pages\/2","targetHints":{"allow":["GET"]}}],"collection":[{"href":"https:\/\/formateiendom.no\/askollen\/wp-json\/wp\/v2\/pages"}],"about":[{"href":"https:\/\/formateiendom.no\/askollen\/wp-json\/wp\/v2\/types\/page"}],"author":[{"embeddable":true,"href":"https:\/\/formateiendom.no\/askollen\/wp-json\/wp\/v2\/users\/1"}],"replies":[{"embeddable":true,"href":"https:\/\/formateiendom.no\/askollen\/wp-json\/wp\/v2\/comments?post=2"}],"version-history":[{"count":64,"href":"https:\/\/formateiendom.no\/askollen\/wp-json\/wp\/v2\/pages\/2\/revisions"}],"predecessor-version":[{"id":235,"href":"https:\/\/formateiendom.no\/askollen\/wp-json\/wp\/v2\/pages\/2\/revisions\/235"}],"wp:featuredmedia":[{"embeddable":true,"href":"https:\/\/formateiendom.no\/askollen\/wp-json\/wp\/v2\/media\/221"}],"wp:attachment":[{"href":"https:\/\/formateiendom.no\/askollen\/wp-json\/wp\/v2\/media?parent=2"}],"curies":[{"name":"wp","href":"https:\/\/api.w.org\/{rel}","templated":true}]}}