{"id":2,"date":"2020-04-14T20:02:53","date_gmt":"2020-04-14T18:02:53","guid":{"rendered":"https:\/\/formateiendom.no\/nordrekullerod1\/?page_id=2"},"modified":"2023-11-07T13:27:28","modified_gmt":"2023-11-07T12:27:28","slug":"testside","status":"publish","type":"page","link":"https:\/\/formateiendom.no\/nordrekullerod1\/","title":{"rendered":"Coop Extra Ilebrekke"},"content":{"rendered":"<h1>Nordre Kuller\u00f8d 1<\/h1>\n<p>Sandefjord<\/p>\n<p>Beliggenhet: Larvik<br \/>\nType bygg: Kontor, produksjon, lager<br \/>\nLeietakere: Jotron<br \/>\nAreal totalt: 10.000 m2<br \/>\nLedig areal: 1.500 m2<br \/>\nStatus: Under bygging.<br \/>\nForventet ferdigstillelse: Q2 2020<br \/>\nUtviklingspotensiale: 5000 m2<\/p>\n<p>Format Eiendom AS er n\u00e5 i sluttfasen av byggingen av nytt hovedkontor til Jotron p\u00e5 Ringdalskogen N\u00e6ringspark i Larvik. Bygget har et areal p\u00e5 11.000 m2, hvorav Jotron skal leie 9.500 m2. Et areal p\u00e5 ca 1.500 m2 skal derfor leies ut til andre leietakere.<\/p>\n<p>Ringdalskogen N\u00e6ringspark har en strategisk beliggenhet rett ved E18 i Larvik kommune, kun noen f\u00e5 kilometer fra grensen til Sandefjord. Det er&nbsp;gode av- og p\u00e5kj\u00f8ringsmuligheter direkte fra E18. Flere bedrifter har den siste tiden valgt Ringdalskogen N\u00e6ringspark som lokasjon. Bl.a kan nevnes Circle K med et flott veiserviceanlegg som \u00e5pnet i 2017.<\/p>\n<p><a href=\"https:\/\/vimeo.com\/275592414\/c5c80d38b8\" role=\"button\"><br \/>\nSe film av prosjektet<br \/>\n<\/a><\/p>\n<h2>Avstander:<\/h2>\n<ul>\n<li>\n\t\t\t\t\t\t\t\t\t\t8 km til Larvik (Larvik havn, Larvik stasjon)<\/li>\n<li>\n\t\t\t\t\t\t\t\t\t\t9 km til Sandefjord (Sandefjord lufthavn Torp, Torp stasjon, Sandefjord stasjon, Sandefjord havn)<\/li>\n<li>\n\t\t\t\t\t\t\t\t\t\t30 km til T\u00f8nsberg<\/li>\n<li>\n\t\t\t\t\t\t\t\t\t\t35 km til Grendlandsomr\u00e5det (Skien, Porsgrunn, Bamble)<\/li>\n<li>\n\t\t\t\t\t\t\t\t\t\t120 km til Oslo<\/li>\n<\/ul>\n<h2>Infrastruktur og logistikk:<\/h2>\n<ul>\n<li>\n\t\t\t\t\t\t\t\t\t\tUmiddelbar n\u00e6rhet til firefelts motorvei<\/li>\n<li>\n\t\t\t\t\t\t\t\t\t\tN\u00e6r tilknytning til Norges nest st\u00f8rste containerhavn<\/li>\n<li>\n\t\t\t\t\t\t\t\t\t\tN\u00e6r tilknytning til jernbane<\/li>\n<li>\n\t\t\t\t\t\t\t\t\t\tN\u00e6r tilknytning til internasjonal flyplass<\/li>\n<\/ul>\n<h2>Flotte lokaler i 4. etg til leie<\/h2>\n<ul>\n<li>\n\t\t\t\t\t\t\t\t\t\tAreal for utleie; 1450 m2<\/li>\n<li>\n\t\t\t\t\t\t\t\t\t\tFerdigstilles i juni 2020<\/li>\n<li>\n\t\t\t\t\t\t\t\t\t\tFasiliteter: Parkering, elbil-adere, sykkelparkering, gode bussforbindelser, tilgang til auditorium, treningsrom, vaktmestertjenester, god eksponering mot E18<\/li>\n<li>\n\t\t\t\t\t\t\t\t\t\tInnovative energil\u00f8sninger; hybrid ventilasjon, solceller og energibr\u00f8nner<\/li>\n<li>\n\t\t\t\t\t\t\t\t\t\tParkmessige, opparbeidede uteanlegg og adkomstveier<\/li>\n<li>\n\t\t\t\t\t\t\t\t\t\tStort atrium med folietak over byggets kjerne\/kantine<\/li>\n<li>\n\t\t\t\t\t\t\t\t\t\tGode uteplasser med bl.a. sittegrupper, fontene, skulptur og flott inngangsparti<\/li>\n<\/ul>\n<h2>\u00d8nsker du \u00e5 vite mere om ledige lokaler i 4. etasje?<\/h2>\n<p><img loading=\"lazy\" decoding=\"async\" width=\"600\" height=\"600\" src=\"https:\/\/formateiendom.no\/nordrekullerod1\/wp-content\/uploads\/sites\/22\/2020\/04\/Andreas-Hojem-Olsen.jpg\" alt=\"\"><\/p>\n<p>Andreas H. Olsen<br \/>\n924 17 743<br \/>\nandreas<a style=\"color: #808080\" href=\"mailto:lars.joachim@formateiendom.no\">@formateiendom.no<\/a><\/p>\n","protected":false},"excerpt":{"rendered":"<p>Nordre Kuller\u00f8d 1 Sandefjord Beliggenhet: Larvik Type bygg: Kontor, produksjon, lager Leietakere: Jotron Areal totalt: 10.000 m2 Ledig areal: 1.500 m2 Status: Under bygging. Forventet ferdigstillelse: Q2 2020 Utviklingspotensiale: 5000 m2 Format Eiendom AS er n\u00e5 i sluttfasen av byggingen av nytt hovedkontor til Jotron p\u00e5 Ringdalskogen N\u00e6ringspark i Larvik. Bygget har et areal p\u00e5 [&hellip;]<\/p>\n","protected":false},"author":1,"featured_media":79,"parent":0,"menu_order":0,"comment_status":"closed","ping_status":"open","template":"page-home.php","meta":{"inline_featured_image":false,"footnotes":""},"class_list":["post-2","page","type-page","status-publish","has-post-thumbnail","hentry"],"yoast_head":"<!-- This site is optimized with the Yoast SEO plugin v26.9 - https:\/\/yoast.com\/product\/yoast-seo-wordpress\/ -->\n<title>Coop Extra Ilebrekke - Nordre Kuller\u00f8d 1<\/title>\n<meta name=\"robots\" content=\"index, follow, max-snippet:-1, max-image-preview:large, max-video-preview:-1\" \/>\n<link rel=\"canonical\" href=\"https:\/\/formateiendom.no\/nordrekullerod1\/\" \/>\n<meta property=\"og:locale\" content=\"nb_NO\" \/>\n<meta property=\"og:type\" content=\"article\" \/>\n<meta property=\"og:title\" content=\"Coop Extra Ilebrekke - Nordre Kuller\u00f8d 1\" \/>\n<meta property=\"og:description\" content=\"Nordre Kuller\u00f8d 1 Sandefjord Beliggenhet: Larvik Type bygg: Kontor, produksjon, lager Leietakere: Jotron Areal totalt: 10.000 m2 Ledig areal: 1.500 m2 Status: Under bygging. Forventet ferdigstillelse: Q2 2020 Utviklingspotensiale: 5000 m2 Format Eiendom AS er n\u00e5 i sluttfasen av byggingen av nytt hovedkontor til Jotron p\u00e5 Ringdalskogen N\u00e6ringspark i Larvik. Bygget har et areal p\u00e5 [&hellip;]\" \/>\n<meta property=\"og:url\" content=\"https:\/\/formateiendom.no\/nordrekullerod1\/\" \/>\n<meta property=\"og:site_name\" content=\"Nordre Kuller\u00f8d 1\" \/>\n<meta property=\"article:modified_time\" content=\"2023-11-07T12:27:28+00:00\" \/>\n<meta property=\"og:image\" content=\"https:\/\/formateiendom.no\/nordrekullerod1\/wp-content\/uploads\/sites\/22\/2022\/03\/Nordre-Kullerod4b-scaled.jpg\" \/>\n\t<meta property=\"og:image:width\" content=\"3001\" \/>\n\t<meta property=\"og:image:height\" content=\"1678\" \/>\n\t<meta property=\"og:image:type\" content=\"image\/jpeg\" \/>\n<meta name=\"twitter:card\" content=\"summary_large_image\" \/>\n<meta name=\"twitter:label1\" content=\"Ansl. lesetid\" \/>\n\t<meta name=\"twitter:data1\" content=\"2 minutter\" \/>\n<script type=\"application\/ld+json\" class=\"yoast-schema-graph\">{\"@context\":\"https:\/\/schema.org\",\"@graph\":[{\"@type\":\"WebPage\",\"@id\":\"https:\/\/formateiendom.no\/nordrekullerod1\/\",\"url\":\"https:\/\/formateiendom.no\/nordrekullerod1\/\",\"name\":\"Coop Extra Ilebrekke - Nordre Kuller\u00f8d 1\",\"isPartOf\":{\"@id\":\"https:\/\/formateiendom.no\/nordrekullerod1\/#website\"},\"primaryImageOfPage\":{\"@id\":\"https:\/\/formateiendom.no\/nordrekullerod1\/#primaryimage\"},\"image\":{\"@id\":\"https:\/\/formateiendom.no\/nordrekullerod1\/#primaryimage\"},\"thumbnailUrl\":\"https:\/\/formateiendom.no\/nordrekullerod1\/wp-content\/uploads\/sites\/22\/2022\/03\/Nordre-Kullerod4b-scaled.jpg\",\"datePublished\":\"2020-04-14T18:02:53+00:00\",\"dateModified\":\"2023-11-07T12:27:28+00:00\",\"breadcrumb\":{\"@id\":\"https:\/\/formateiendom.no\/nordrekullerod1\/#breadcrumb\"},\"inLanguage\":\"nb-NO\",\"potentialAction\":[{\"@type\":\"ReadAction\",\"target\":[\"https:\/\/formateiendom.no\/nordrekullerod1\/\"]}]},{\"@type\":\"ImageObject\",\"inLanguage\":\"nb-NO\",\"@id\":\"https:\/\/formateiendom.no\/nordrekullerod1\/#primaryimage\",\"url\":\"https:\/\/formateiendom.no\/nordrekullerod1\/wp-content\/uploads\/sites\/22\/2022\/03\/Nordre-Kullerod4b-scaled.jpg\",\"contentUrl\":\"https:\/\/formateiendom.no\/nordrekullerod1\/wp-content\/uploads\/sites\/22\/2022\/03\/Nordre-Kullerod4b-scaled.jpg\",\"width\":3001,\"height\":1678},{\"@type\":\"BreadcrumbList\",\"@id\":\"https:\/\/formateiendom.no\/nordrekullerod1\/#breadcrumb\",\"itemListElement\":[{\"@type\":\"ListItem\",\"position\":1,\"name\":\"Hjem\",\"item\":\"https:\/\/formateiendom.no\/nordrekullerod1\/\"},{\"@type\":\"ListItem\",\"position\":2,\"name\":\"Coop Extra Ilebrekke\"}]},{\"@type\":\"WebSite\",\"@id\":\"https:\/\/formateiendom.no\/nordrekullerod1\/#website\",\"url\":\"https:\/\/formateiendom.no\/nordrekullerod1\/\",\"name\":\"Nordre Kuller\u00f8d 1\",\"description\":\"Sandefjord\",\"publisher\":{\"@id\":\"https:\/\/formateiendom.no\/nordrekullerod1\/#organization\"},\"potentialAction\":[{\"@type\":\"SearchAction\",\"target\":{\"@type\":\"EntryPoint\",\"urlTemplate\":\"https:\/\/formateiendom.no\/nordrekullerod1\/?s={search_term_string}\"},\"query-input\":{\"@type\":\"PropertyValueSpecification\",\"valueRequired\":true,\"valueName\":\"search_term_string\"}}],\"inLanguage\":\"nb-NO\"},{\"@type\":\"Organization\",\"@id\":\"https:\/\/formateiendom.no\/nordrekullerod1\/#organization\",\"name\":\"Nordre Kuller\u00f8d 1\",\"url\":\"https:\/\/formateiendom.no\/nordrekullerod1\/\",\"logo\":{\"@type\":\"ImageObject\",\"inLanguage\":\"nb-NO\",\"@id\":\"https:\/\/formateiendom.no\/nordrekullerod1\/#\/schema\/logo\/image\/\",\"url\":\"https:\/\/formateiendom.no\/nordrekullerod1\/wp-content\/uploads\/sites\/22\/2022\/03\/Format-logo-mork-1.svg\",\"contentUrl\":\"https:\/\/formateiendom.no\/nordrekullerod1\/wp-content\/uploads\/sites\/22\/2022\/03\/Format-logo-mork-1.svg\",\"width\":684,\"height\":124,\"caption\":\"Nordre Kuller\u00f8d 1\"},\"image\":{\"@id\":\"https:\/\/formateiendom.no\/nordrekullerod1\/#\/schema\/logo\/image\/\"}}]}<\/script>\n<!-- \/ Yoast SEO plugin. -->","yoast_head_json":{"title":"Coop Extra Ilebrekke - Nordre Kuller\u00f8d 1","robots":{"index":"index","follow":"follow","max-snippet":"max-snippet:-1","max-image-preview":"max-image-preview:large","max-video-preview":"max-video-preview:-1"},"canonical":"https:\/\/formateiendom.no\/nordrekullerod1\/","og_locale":"nb_NO","og_type":"article","og_title":"Coop Extra Ilebrekke - Nordre Kuller\u00f8d 1","og_description":"Nordre Kuller\u00f8d 1 Sandefjord Beliggenhet: Larvik Type bygg: Kontor, produksjon, lager Leietakere: Jotron Areal totalt: 10.000 m2 Ledig areal: 1.500 m2 Status: Under bygging. Forventet ferdigstillelse: Q2 2020 Utviklingspotensiale: 5000 m2 Format Eiendom AS er n\u00e5 i sluttfasen av byggingen av nytt hovedkontor til Jotron p\u00e5 Ringdalskogen N\u00e6ringspark i Larvik. Bygget har et areal p\u00e5 [&hellip;]","og_url":"https:\/\/formateiendom.no\/nordrekullerod1\/","og_site_name":"Nordre Kuller\u00f8d 1","article_modified_time":"2023-11-07T12:27:28+00:00","og_image":[{"width":3001,"height":1678,"url":"https:\/\/formateiendom.no\/nordrekullerod1\/wp-content\/uploads\/sites\/22\/2022\/03\/Nordre-Kullerod4b-scaled.jpg","type":"image\/jpeg"}],"twitter_card":"summary_large_image","twitter_misc":{"Ansl. lesetid":"2 minutter"},"schema":{"@context":"https:\/\/schema.org","@graph":[{"@type":"WebPage","@id":"https:\/\/formateiendom.no\/nordrekullerod1\/","url":"https:\/\/formateiendom.no\/nordrekullerod1\/","name":"Coop Extra Ilebrekke - Nordre Kuller\u00f8d 1","isPartOf":{"@id":"https:\/\/formateiendom.no\/nordrekullerod1\/#website"},"primaryImageOfPage":{"@id":"https:\/\/formateiendom.no\/nordrekullerod1\/#primaryimage"},"image":{"@id":"https:\/\/formateiendom.no\/nordrekullerod1\/#primaryimage"},"thumbnailUrl":"https:\/\/formateiendom.no\/nordrekullerod1\/wp-content\/uploads\/sites\/22\/2022\/03\/Nordre-Kullerod4b-scaled.jpg","datePublished":"2020-04-14T18:02:53+00:00","dateModified":"2023-11-07T12:27:28+00:00","breadcrumb":{"@id":"https:\/\/formateiendom.no\/nordrekullerod1\/#breadcrumb"},"inLanguage":"nb-NO","potentialAction":[{"@type":"ReadAction","target":["https:\/\/formateiendom.no\/nordrekullerod1\/"]}]},{"@type":"ImageObject","inLanguage":"nb-NO","@id":"https:\/\/formateiendom.no\/nordrekullerod1\/#primaryimage","url":"https:\/\/formateiendom.no\/nordrekullerod1\/wp-content\/uploads\/sites\/22\/2022\/03\/Nordre-Kullerod4b-scaled.jpg","contentUrl":"https:\/\/formateiendom.no\/nordrekullerod1\/wp-content\/uploads\/sites\/22\/2022\/03\/Nordre-Kullerod4b-scaled.jpg","width":3001,"height":1678},{"@type":"BreadcrumbList","@id":"https:\/\/formateiendom.no\/nordrekullerod1\/#breadcrumb","itemListElement":[{"@type":"ListItem","position":1,"name":"Hjem","item":"https:\/\/formateiendom.no\/nordrekullerod1\/"},{"@type":"ListItem","position":2,"name":"Coop Extra Ilebrekke"}]},{"@type":"WebSite","@id":"https:\/\/formateiendom.no\/nordrekullerod1\/#website","url":"https:\/\/formateiendom.no\/nordrekullerod1\/","name":"Nordre Kuller\u00f8d 1","description":"Sandefjord","publisher":{"@id":"https:\/\/formateiendom.no\/nordrekullerod1\/#organization"},"potentialAction":[{"@type":"SearchAction","target":{"@type":"EntryPoint","urlTemplate":"https:\/\/formateiendom.no\/nordrekullerod1\/?s={search_term_string}"},"query-input":{"@type":"PropertyValueSpecification","valueRequired":true,"valueName":"search_term_string"}}],"inLanguage":"nb-NO"},{"@type":"Organization","@id":"https:\/\/formateiendom.no\/nordrekullerod1\/#organization","name":"Nordre Kuller\u00f8d 1","url":"https:\/\/formateiendom.no\/nordrekullerod1\/","logo":{"@type":"ImageObject","inLanguage":"nb-NO","@id":"https:\/\/formateiendom.no\/nordrekullerod1\/#\/schema\/logo\/image\/","url":"https:\/\/formateiendom.no\/nordrekullerod1\/wp-content\/uploads\/sites\/22\/2022\/03\/Format-logo-mork-1.svg","contentUrl":"https:\/\/formateiendom.no\/nordrekullerod1\/wp-content\/uploads\/sites\/22\/2022\/03\/Format-logo-mork-1.svg","width":684,"height":124,"caption":"Nordre Kuller\u00f8d 1"},"image":{"@id":"https:\/\/formateiendom.no\/nordrekullerod1\/#\/schema\/logo\/image\/"}}]}},"acf":[],"_links":{"self":[{"href":"https:\/\/formateiendom.no\/nordrekullerod1\/wp-json\/wp\/v2\/pages\/2","targetHints":{"allow":["GET"]}}],"collection":[{"href":"https:\/\/formateiendom.no\/nordrekullerod1\/wp-json\/wp\/v2\/pages"}],"about":[{"href":"https:\/\/formateiendom.no\/nordrekullerod1\/wp-json\/wp\/v2\/types\/page"}],"author":[{"embeddable":true,"href":"https:\/\/formateiendom.no\/nordrekullerod1\/wp-json\/wp\/v2\/users\/1"}],"replies":[{"embeddable":true,"href":"https:\/\/formateiendom.no\/nordrekullerod1\/wp-json\/wp\/v2\/comments?post=2"}],"version-history":[{"count":14,"href":"https:\/\/formateiendom.no\/nordrekullerod1\/wp-json\/wp\/v2\/pages\/2\/revisions"}],"predecessor-version":[{"id":102,"href":"https:\/\/formateiendom.no\/nordrekullerod1\/wp-json\/wp\/v2\/pages\/2\/revisions\/102"}],"wp:featuredmedia":[{"embeddable":true,"href":"https:\/\/formateiendom.no\/nordrekullerod1\/wp-json\/wp\/v2\/media\/79"}],"wp:attachment":[{"href":"https:\/\/formateiendom.no\/nordrekullerod1\/wp-json\/wp\/v2\/media?parent=2"}],"curies":[{"name":"wp","href":"https:\/\/api.w.org\/{rel}","templated":true}]}}