{"id":65,"date":"2020-03-01T22:00:49","date_gmt":"2020-03-01T21:00:49","guid":{"rendered":"https:\/\/256859-www.web.tornado-node.net\/ollebukta\/?page_id=65"},"modified":"2020-03-02T14:35:51","modified_gmt":"2020-03-02T13:35:51","slug":"quality-living","status":"publish","type":"page","link":"https:\/\/formateiendom.no\/ollebukta\/quality-living\/","title":{"rendered":"Quality Living"},"content":{"rendered":"\t\t<div data-elementor-type=\"wp-page\" data-elementor-id=\"65\" class=\"elementor elementor-65\" data-elementor-post-type=\"page\">\n\t\t\t\t\t\t<section class=\"elementor-section elementor-top-section elementor-element elementor-element-9b70bc9 elementor-section-boxed elementor-section-height-default elementor-section-height-default\" data-id=\"9b70bc9\" data-element_type=\"section\" data-e-type=\"section\" data-settings=\"{&quot;background_background&quot;:&quot;classic&quot;}\">\n\t\t\t\t\t\t\t<div class=\"elementor-background-overlay\"><\/div>\n\t\t\t\t\t\t\t<div class=\"elementor-container elementor-column-gap-default\">\n\t\t\t\t\t<div class=\"elementor-column elementor-col-100 elementor-top-column elementor-element elementor-element-ea17c76\" data-id=\"ea17c76\" data-element_type=\"column\" data-e-type=\"column\">\n\t\t\t<div class=\"elementor-widget-wrap elementor-element-populated\">\n\t\t\t\t\t\t<div class=\"elementor-element elementor-element-ea8fb73 elementor-widget elementor-widget-heading\" data-id=\"ea8fb73\" data-element_type=\"widget\" data-e-type=\"widget\" data-widget_type=\"heading.default\">\n\t\t\t\t<div class=\"elementor-widget-container\">\n\t\t\t\t\t<h2 class=\"elementor-heading-title elementor-size-default\">Ollebukta Quality Living<\/h2>\t\t\t\t<\/div>\n\t\t\t\t<\/div>\n\t\t\t\t<div class=\"elementor-element elementor-element-94f5e12 elementor-widget-divider--view-line elementor-widget elementor-widget-divider\" data-id=\"94f5e12\" data-element_type=\"widget\" data-e-type=\"widget\" data-widget_type=\"divider.default\">\n\t\t\t\t<div class=\"elementor-widget-container\">\n\t\t\t\t\t\t\t<div class=\"elementor-divider\">\n\t\t\t<span class=\"elementor-divider-separator\">\n\t\t\t\t\t\t<\/span>\n\t\t<\/div>\n\t\t\t\t\t\t<\/div>\n\t\t\t\t<\/div>\n\t\t\t\t\t<\/div>\n\t\t<\/div>\n\t\t\t\t\t<\/div>\n\t\t<\/section>\n\t\t\t\t<section class=\"elementor-section elementor-top-section elementor-element elementor-element-83defc1 elementor-section-boxed elementor-section-height-default elementor-section-height-default\" data-id=\"83defc1\" data-element_type=\"section\" data-e-type=\"section\">\n\t\t\t\t\t\t<div class=\"elementor-container elementor-column-gap-default\">\n\t\t\t\t\t<div class=\"elementor-column elementor-col-33 elementor-top-column elementor-element elementor-element-0b3bc40\" data-id=\"0b3bc40\" data-element_type=\"column\" data-e-type=\"column\">\n\t\t\t<div class=\"elementor-widget-wrap elementor-element-populated\">\n\t\t\t\t\t\t<div class=\"elementor-element elementor-element-d975d08 elementor-widget elementor-widget-image\" data-id=\"d975d08\" data-element_type=\"widget\" data-e-type=\"widget\" data-widget_type=\"image.default\">\n\t\t\t\t<div class=\"elementor-widget-container\">\n\t\t\t\t\t\t\t\t\t\t\t\t\t\t\t<img fetchpriority=\"high\" decoding=\"async\" width=\"640\" height=\"704\" src=\"https:\/\/formateiendom.no\/ollebukta\/wp-content\/uploads\/sites\/2\/2020\/03\/hotell_fasade.jpg\" class=\"attachment-large size-large wp-image-90\" alt=\"\" srcset=\"https:\/\/formateiendom.no\/ollebukta\/wp-content\/uploads\/sites\/2\/2020\/03\/hotell_fasade.jpg 800w, https:\/\/formateiendom.no\/ollebukta\/wp-content\/uploads\/sites\/2\/2020\/03\/hotell_fasade-273x300.jpg 273w, https:\/\/formateiendom.no\/ollebukta\/wp-content\/uploads\/sites\/2\/2020\/03\/hotell_fasade-768x845.jpg 768w\" sizes=\"(max-width: 640px) 100vw, 640px\" \/>\t\t\t\t\t\t\t\t\t\t\t\t\t\t\t<\/div>\n\t\t\t\t<\/div>\n\t\t\t\t<div class=\"elementor-element elementor-element-a83dcf0 elementor-widget elementor-widget-heading\" data-id=\"a83dcf0\" data-element_type=\"widget\" data-e-type=\"widget\" data-widget_type=\"heading.default\">\n\t\t\t\t<div class=\"elementor-widget-container\">\n\t\t\t\t\t<h2 class=\"elementor-heading-title elementor-size-default\">Gj\u00f8r en treroms langt romsligere\n\u2013 og livet litt lettere<\/h2>\t\t\t\t<\/div>\n\t\t\t\t<\/div>\n\t\t\t\t<div class=\"elementor-element elementor-element-19c03b2 elementor-widget elementor-widget-text-editor\" data-id=\"19c03b2\" data-element_type=\"widget\" data-e-type=\"widget\" data-widget_type=\"text-editor.default\">\n\t\t\t\t<div class=\"elementor-widget-container\">\n\t\t\t\t\t\t\t\t\t<p>N\u00e5r vi sier at lettvint-livet aldri har v\u00e6rt n\u00e6rmere, s\u00e5 mener vi det. Utvid leiligheten med et ekstra rom n\u00e5r familie eller venner melder sin ankomst. Bestill frokost som frister hver helg.\u00a0<\/p><p>F\u00e5 andre til \u00e5 vaske mens du trener. Bel\u00f8nn deg selv med et bad etterp\u00e5. Gj\u00f8r rett og slett livet enklere,\u00a0<span class=\"s1\">gjennom klubb-konseptet\u00a0<\/span>Ollebukta N\u00b04 Quality Living<span class=\"s1\">.<\/span><\/p>\t\t\t\t\t\t\t\t<\/div>\n\t\t\t\t<\/div>\n\t\t\t\t\t<\/div>\n\t\t<\/div>\n\t\t\t\t<div class=\"elementor-column elementor-col-33 elementor-top-column elementor-element elementor-element-86e6f26\" data-id=\"86e6f26\" data-element_type=\"column\" data-e-type=\"column\">\n\t\t\t<div class=\"elementor-widget-wrap elementor-element-populated\">\n\t\t\t\t\t\t<div class=\"elementor-element elementor-element-2154d95 elementor-widget elementor-widget-image\" data-id=\"2154d95\" data-element_type=\"widget\" data-e-type=\"widget\" data-widget_type=\"image.default\">\n\t\t\t\t<div class=\"elementor-widget-container\">\n\t\t\t\t\t\t\t\t\t\t\t\t\t\t\t<img decoding=\"async\" width=\"640\" height=\"704\" src=\"https:\/\/formateiendom.no\/ollebukta\/wp-content\/uploads\/sites\/2\/2020\/03\/hotell_bro.jpg\" class=\"attachment-large size-large wp-image-89\" alt=\"\" srcset=\"https:\/\/formateiendom.no\/ollebukta\/wp-content\/uploads\/sites\/2\/2020\/03\/hotell_bro.jpg 800w, https:\/\/formateiendom.no\/ollebukta\/wp-content\/uploads\/sites\/2\/2020\/03\/hotell_bro-273x300.jpg 273w, https:\/\/formateiendom.no\/ollebukta\/wp-content\/uploads\/sites\/2\/2020\/03\/hotell_bro-768x845.jpg 768w\" sizes=\"(max-width: 640px) 100vw, 640px\" \/>\t\t\t\t\t\t\t\t\t\t\t\t\t\t\t<\/div>\n\t\t\t\t<\/div>\n\t\t\t\t<div class=\"elementor-element elementor-element-11ae389 elementor-widget elementor-widget-heading\" data-id=\"11ae389\" data-element_type=\"widget\" data-e-type=\"widget\" data-widget_type=\"heading.default\">\n\t\t\t\t<div class=\"elementor-widget-container\">\n\t\t\t\t\t<h2 class=\"elementor-heading-title elementor-size-default\">Godt naboskap skal man ikke kimse av<\/h2>\t\t\t\t<\/div>\n\t\t\t\t<\/div>\n\t\t\t\t<div class=\"elementor-element elementor-element-09801a0 elementor-widget elementor-widget-text-editor\" data-id=\"09801a0\" data-element_type=\"widget\" data-e-type=\"widget\" data-widget_type=\"text-editor.default\">\n\t\t\t\t<div class=\"elementor-widget-container\">\n\t\t\t\t\t\t\t\t\t<p>\u2026 og i Ollebukta har vi tatt det ett steg videre. Her f\u00e5r alle leilighetseiere eksklusivt medlemskap i klubb-konseptet Ollebukta N\u00b04 Quality Living. Dette er et enest\u00e5ende samarbeid med Quality Hotel T\u00f8nsberg, som bringer hotellf\u00f8lelsen inn i leiligheten.\u00a0<\/p><p>Det har faktisk aldri v\u00e6rt enklere \u00e5 ha familie og venner p\u00e5 bes\u00f8k! Bruk hotellet som et ekstra soverom, bestill catering hjem p\u00e5 l\u00f8rdagskvelden, aktiviser barnebarna i bassenget, relax med venner p\u00e5 takterrassen \u2013 og f\u00e5 noen til \u00e5 \u00abvaske vennskapet ut\u00bb p\u00e5 mandagen. Vi kaller det livskvalitet i praksis!<\/p>\t\t\t\t\t\t\t\t<\/div>\n\t\t\t\t<\/div>\n\t\t\t\t\t<\/div>\n\t\t<\/div>\n\t\t\t\t<div class=\"elementor-column elementor-col-33 elementor-top-column elementor-element elementor-element-1f8cfbb\" data-id=\"1f8cfbb\" data-element_type=\"column\" data-e-type=\"column\">\n\t\t\t<div class=\"elementor-widget-wrap elementor-element-populated\">\n\t\t\t\t\t\t<div class=\"elementor-element elementor-element-d476be5 elementor-widget elementor-widget-image\" data-id=\"d476be5\" data-element_type=\"widget\" data-e-type=\"widget\" data-widget_type=\"image.default\">\n\t\t\t\t<div class=\"elementor-widget-container\">\n\t\t\t\t\t\t\t\t\t\t\t\t\t\t\t<img decoding=\"async\" width=\"640\" height=\"704\" src=\"https:\/\/formateiendom.no\/ollebukta\/wp-content\/uploads\/sites\/2\/2020\/03\/trening-1.jpg\" class=\"attachment-large size-large wp-image-115\" alt=\"\" srcset=\"https:\/\/formateiendom.no\/ollebukta\/wp-content\/uploads\/sites\/2\/2020\/03\/trening-1.jpg 800w, https:\/\/formateiendom.no\/ollebukta\/wp-content\/uploads\/sites\/2\/2020\/03\/trening-1-273x300.jpg 273w, https:\/\/formateiendom.no\/ollebukta\/wp-content\/uploads\/sites\/2\/2020\/03\/trening-1-768x845.jpg 768w\" sizes=\"(max-width: 640px) 100vw, 640px\" \/>\t\t\t\t\t\t\t\t\t\t\t\t\t\t\t<\/div>\n\t\t\t\t<\/div>\n\t\t\t\t<div class=\"elementor-element elementor-element-3130bfe elementor-widget elementor-widget-heading\" data-id=\"3130bfe\" data-element_type=\"widget\" data-e-type=\"widget\" data-widget_type=\"heading.default\">\n\t\t\t\t<div class=\"elementor-widget-container\">\n\t\t\t\t\t<h2 class=\"elementor-heading-title elementor-size-default\">Tilleggstjenester<\/h2>\t\t\t\t<\/div>\n\t\t\t\t<\/div>\n\t\t\t\t<div class=\"elementor-element elementor-element-3d33eac elementor-widget elementor-widget-text-editor\" data-id=\"3d33eac\" data-element_type=\"widget\" data-e-type=\"widget\" data-widget_type=\"text-editor.default\">\n\t\t\t\t<div class=\"elementor-widget-container\">\n\t\t\t\t\t\t\t\t\t<p>&#8211; Egne klubb-fortrinn ved bruk av hotellets selskapslokaler\/-menyer.<\/p><p>&#8211; Book ekstra parkeringsplass via Micasa.<\/p><p>&#8211; Egen klubb-kontakt p\u00e5 hotellet\/concierge ved sammenkomster og annet.<\/p><p>&#8211; Bestill renholdstjenester etter behov og \u00f8nsker. Du f\u00e5r en egen kontaktperson (hus\u00f8konom) som f\u00f8lger opp renholdet.<br \/>M<span style=\"font-size: 1rem;\">ed mer&#8230;<\/span><\/p>\t\t\t\t\t\t\t\t<\/div>\n\t\t\t\t<\/div>\n\t\t\t\t\t<\/div>\n\t\t<\/div>\n\t\t\t\t\t<\/div>\n\t\t<\/section>\n\t\t\t\t<section class=\"elementor-section elementor-top-section elementor-element elementor-element-d91a749 elementor-section-full_width elementor-section-height-default elementor-section-height-default\" data-id=\"d91a749\" data-element_type=\"section\" data-e-type=\"section\">\n\t\t\t\t\t\t<div class=\"elementor-container elementor-column-gap-default\">\n\t\t\t\t\t<div class=\"elementor-column elementor-col-100 elementor-top-column elementor-element elementor-element-3844ec9\" data-id=\"3844ec9\" data-element_type=\"column\" data-e-type=\"column\">\n\t\t\t<div class=\"elementor-widget-wrap elementor-element-populated\">\n\t\t\t\t\t\t<div class=\"elementor-element elementor-element-2274ab8 elementor-widget elementor-widget-gallery\" data-id=\"2274ab8\" data-element_type=\"widget\" data-e-type=\"widget\" data-settings=\"{&quot;gallery_layout&quot;:&quot;justified&quot;,&quot;ideal_row_height&quot;:{&quot;unit&quot;:&quot;px&quot;,&quot;size&quot;:400,&quot;sizes&quot;:[]},&quot;ideal_row_height_mobile&quot;:{&quot;unit&quot;:&quot;px&quot;,&quot;size&quot;:175,&quot;sizes&quot;:[]},&quot;lazyload&quot;:&quot;yes&quot;,&quot;ideal_row_height_tablet&quot;:{&quot;unit&quot;:&quot;px&quot;,&quot;size&quot;:150,&quot;sizes&quot;:[]},&quot;gap&quot;:{&quot;unit&quot;:&quot;px&quot;,&quot;size&quot;:10,&quot;sizes&quot;:[]},&quot;gap_tablet&quot;:{&quot;unit&quot;:&quot;px&quot;,&quot;size&quot;:10,&quot;sizes&quot;:[]},&quot;gap_mobile&quot;:{&quot;unit&quot;:&quot;px&quot;,&quot;size&quot;:10,&quot;sizes&quot;:[]},&quot;content_hover_animation&quot;:&quot;fade-in&quot;}\" data-widget_type=\"gallery.default\">\n\t\t\t\t<div class=\"elementor-widget-container\">\n\t\t\t\t\t\t\t<div class=\"elementor-gallery__container\">\n\t\t\t\t\t\t\t<div class=\"e-gallery-item elementor-gallery-item elementor-animated-content\">\n\t\t\t\t\t<div class=\"e-gallery-image elementor-gallery-item__image\" data-thumbnail=\"https:\/\/formateiendom.no\/ollebukta\/wp-content\/uploads\/sites\/2\/2020\/03\/glass.jpg\" data-width=\"800\" data-height=\"880\" aria-label=\"\" role=\"img\" ><\/div>\n\t\t\t\t\t\t\t\t\t\t\t\t\t\t<\/div>\n\t\t\t\t\t\t\t<div class=\"e-gallery-item elementor-gallery-item elementor-animated-content\">\n\t\t\t\t\t<div class=\"e-gallery-image elementor-gallery-item__image\" data-thumbnail=\"https:\/\/formateiendom.no\/ollebukta\/wp-content\/uploads\/sites\/2\/2020\/03\/trening.jpg\" data-width=\"800\" data-height=\"880\" aria-label=\"\" role=\"img\" ><\/div>\n\t\t\t\t\t\t\t\t\t\t\t\t\t\t<\/div>\n\t\t\t\t\t\t\t<div class=\"e-gallery-item elementor-gallery-item elementor-animated-content\">\n\t\t\t\t\t<div class=\"e-gallery-image elementor-gallery-item__image\" data-thumbnail=\"https:\/\/formateiendom.no\/ollebukta\/wp-content\/uploads\/sites\/2\/2020\/03\/badegjest.png\" data-width=\"800\" data-height=\"880\" aria-label=\"\" role=\"img\" ><\/div>\n\t\t\t\t\t\t\t\t\t\t\t\t\t\t<\/div>\n\t\t\t\t\t\t\t<div class=\"e-gallery-item elementor-gallery-item elementor-animated-content\">\n\t\t\t\t\t<div class=\"e-gallery-image elementor-gallery-item__image\" data-thumbnail=\"https:\/\/formateiendom.no\/ollebukta\/wp-content\/uploads\/sites\/2\/2020\/03\/basseng.jpg\" data-width=\"800\" data-height=\"880\" aria-label=\"\" role=\"img\" ><\/div>\n\t\t\t\t\t\t\t\t\t\t\t\t\t\t<\/div>\n\t\t\t\t\t<\/div>\n\t\t\t\t\t<\/div>\n\t\t\t\t<\/div>\n\t\t\t\t\t<\/div>\n\t\t<\/div>\n\t\t\t\t\t<\/div>\n\t\t<\/section>\n\t\t\t\t<\/div>\n\t\t","protected":false},"excerpt":{"rendered":"<p>Ollebukta Quality Living Gj\u00f8r en treroms langt romsligere \u2013 og livet litt lettere N\u00e5r vi sier at lettvint-livet aldri har v\u00e6rt n\u00e6rmere, s\u00e5 mener vi det. Utvid leiligheten med et ekstra rom n\u00e5r familie eller venner melder sin ankomst. Bestill frokost som frister hver helg.\u00a0 F\u00e5 andre til \u00e5 vaske mens du trener. Bel\u00f8nn deg [&hellip;]<\/p>\n","protected":false},"author":1,"featured_media":0,"parent":0,"menu_order":0,"comment_status":"closed","ping_status":"closed","template":"elementor_header_footer","meta":{"inline_featured_image":false,"footnotes":""},"class_list":["post-65","page","type-page","status-publish","hentry"],"yoast_head":"<!-- This site is optimized with the Yoast SEO plugin v26.9 - https:\/\/yoast.com\/product\/yoast-seo-wordpress\/ -->\n<title>Quality Living - Ollebukta<\/title>\n<meta name=\"robots\" content=\"index, follow, max-snippet:-1, max-image-preview:large, max-video-preview:-1\" \/>\n<link rel=\"canonical\" href=\"https:\/\/formateiendom.no\/ollebukta\/quality-living\/\" \/>\n<meta property=\"og:locale\" content=\"nb_NO\" \/>\n<meta property=\"og:type\" content=\"article\" \/>\n<meta property=\"og:title\" content=\"Quality Living - Ollebukta\" \/>\n<meta property=\"og:description\" content=\"Ollebukta Quality Living Gj\u00f8r en treroms langt romsligere \u2013 og livet litt lettere N\u00e5r vi sier at lettvint-livet aldri har v\u00e6rt n\u00e6rmere, s\u00e5 mener vi det. Utvid leiligheten med et ekstra rom n\u00e5r familie eller venner melder sin ankomst. Bestill frokost som frister hver helg.\u00a0 F\u00e5 andre til \u00e5 vaske mens du trener. Bel\u00f8nn deg [&hellip;]\" \/>\n<meta property=\"og:url\" content=\"https:\/\/formateiendom.no\/ollebukta\/quality-living\/\" \/>\n<meta property=\"og:site_name\" content=\"Ollebukta\" \/>\n<meta property=\"article:modified_time\" content=\"2020-03-02T13:35:51+00:00\" \/>\n<meta property=\"og:image\" content=\"https:\/\/256859-www.web.tornado-node.net\/ollebukta\/wp-content\/uploads\/sites\/2\/2020\/03\/hotell_fasade.jpg\" \/>\n<meta name=\"twitter:card\" content=\"summary_large_image\" \/>\n<meta name=\"twitter:label1\" content=\"Ansl. lesetid\" \/>\n\t<meta name=\"twitter:data1\" content=\"1 minutt\" \/>\n<script type=\"application\/ld+json\" class=\"yoast-schema-graph\">{\"@context\":\"https:\/\/schema.org\",\"@graph\":[{\"@type\":\"WebPage\",\"@id\":\"https:\/\/formateiendom.no\/ollebukta\/quality-living\/\",\"url\":\"https:\/\/formateiendom.no\/ollebukta\/quality-living\/\",\"name\":\"Quality Living - Ollebukta\",\"isPartOf\":{\"@id\":\"https:\/\/formateiendom.no\/ollebukta\/#website\"},\"primaryImageOfPage\":{\"@id\":\"https:\/\/formateiendom.no\/ollebukta\/quality-living\/#primaryimage\"},\"image\":{\"@id\":\"https:\/\/formateiendom.no\/ollebukta\/quality-living\/#primaryimage\"},\"thumbnailUrl\":\"https:\/\/256859-www.web.tornado-node.net\/ollebukta\/wp-content\/uploads\/sites\/2\/2020\/03\/hotell_fasade.jpg\",\"datePublished\":\"2020-03-01T21:00:49+00:00\",\"dateModified\":\"2020-03-02T13:35:51+00:00\",\"breadcrumb\":{\"@id\":\"https:\/\/formateiendom.no\/ollebukta\/quality-living\/#breadcrumb\"},\"inLanguage\":\"nb-NO\",\"potentialAction\":[{\"@type\":\"ReadAction\",\"target\":[\"https:\/\/formateiendom.no\/ollebukta\/quality-living\/\"]}]},{\"@type\":\"ImageObject\",\"inLanguage\":\"nb-NO\",\"@id\":\"https:\/\/formateiendom.no\/ollebukta\/quality-living\/#primaryimage\",\"url\":\"https:\/\/256859-www.web.tornado-node.net\/ollebukta\/wp-content\/uploads\/sites\/2\/2020\/03\/hotell_fasade.jpg\",\"contentUrl\":\"https:\/\/256859-www.web.tornado-node.net\/ollebukta\/wp-content\/uploads\/sites\/2\/2020\/03\/hotell_fasade.jpg\"},{\"@type\":\"BreadcrumbList\",\"@id\":\"https:\/\/formateiendom.no\/ollebukta\/quality-living\/#breadcrumb\",\"itemListElement\":[{\"@type\":\"ListItem\",\"position\":1,\"name\":\"Hjem\",\"item\":\"https:\/\/formateiendom.no\/ollebukta\/\"},{\"@type\":\"ListItem\",\"position\":2,\"name\":\"Quality Living\"}]},{\"@type\":\"WebSite\",\"@id\":\"https:\/\/formateiendom.no\/ollebukta\/#website\",\"url\":\"https:\/\/formateiendom.no\/ollebukta\/\",\"name\":\"Ollebukta\",\"description\":\"Et Format Eiendom-prosjekt\",\"publisher\":{\"@id\":\"https:\/\/formateiendom.no\/ollebukta\/#organization\"},\"potentialAction\":[{\"@type\":\"SearchAction\",\"target\":{\"@type\":\"EntryPoint\",\"urlTemplate\":\"https:\/\/formateiendom.no\/ollebukta\/?s={search_term_string}\"},\"query-input\":{\"@type\":\"PropertyValueSpecification\",\"valueRequired\":true,\"valueName\":\"search_term_string\"}}],\"inLanguage\":\"nb-NO\"},{\"@type\":\"Organization\",\"@id\":\"https:\/\/formateiendom.no\/ollebukta\/#organization\",\"name\":\"Ollebukta\",\"url\":\"https:\/\/formateiendom.no\/ollebukta\/\",\"logo\":{\"@type\":\"ImageObject\",\"inLanguage\":\"nb-NO\",\"@id\":\"https:\/\/formateiendom.no\/ollebukta\/#\/schema\/logo\/image\/\",\"url\":\"https:\/\/formateiendom.no\/ollebukta\/wp-content\/uploads\/sites\/2\/2020\/02\/cropped-ollebukta-header-1-768x200-1.png\",\"contentUrl\":\"https:\/\/formateiendom.no\/ollebukta\/wp-content\/uploads\/sites\/2\/2020\/02\/cropped-ollebukta-header-1-768x200-1.png\",\"width\":768,\"height\":200,\"caption\":\"Ollebukta\"},\"image\":{\"@id\":\"https:\/\/formateiendom.no\/ollebukta\/#\/schema\/logo\/image\/\"}}]}<\/script>\n<!-- \/ Yoast SEO plugin. -->","yoast_head_json":{"title":"Quality Living - Ollebukta","robots":{"index":"index","follow":"follow","max-snippet":"max-snippet:-1","max-image-preview":"max-image-preview:large","max-video-preview":"max-video-preview:-1"},"canonical":"https:\/\/formateiendom.no\/ollebukta\/quality-living\/","og_locale":"nb_NO","og_type":"article","og_title":"Quality Living - Ollebukta","og_description":"Ollebukta Quality Living Gj\u00f8r en treroms langt romsligere \u2013 og livet litt lettere N\u00e5r vi sier at lettvint-livet aldri har v\u00e6rt n\u00e6rmere, s\u00e5 mener vi det. Utvid leiligheten med et ekstra rom n\u00e5r familie eller venner melder sin ankomst. Bestill frokost som frister hver helg.\u00a0 F\u00e5 andre til \u00e5 vaske mens du trener. Bel\u00f8nn deg [&hellip;]","og_url":"https:\/\/formateiendom.no\/ollebukta\/quality-living\/","og_site_name":"Ollebukta","article_modified_time":"2020-03-02T13:35:51+00:00","og_image":[{"url":"https:\/\/256859-www.web.tornado-node.net\/ollebukta\/wp-content\/uploads\/sites\/2\/2020\/03\/hotell_fasade.jpg","type":"","width":"","height":""}],"twitter_card":"summary_large_image","twitter_misc":{"Ansl. lesetid":"1 minutt"},"schema":{"@context":"https:\/\/schema.org","@graph":[{"@type":"WebPage","@id":"https:\/\/formateiendom.no\/ollebukta\/quality-living\/","url":"https:\/\/formateiendom.no\/ollebukta\/quality-living\/","name":"Quality Living - Ollebukta","isPartOf":{"@id":"https:\/\/formateiendom.no\/ollebukta\/#website"},"primaryImageOfPage":{"@id":"https:\/\/formateiendom.no\/ollebukta\/quality-living\/#primaryimage"},"image":{"@id":"https:\/\/formateiendom.no\/ollebukta\/quality-living\/#primaryimage"},"thumbnailUrl":"https:\/\/256859-www.web.tornado-node.net\/ollebukta\/wp-content\/uploads\/sites\/2\/2020\/03\/hotell_fasade.jpg","datePublished":"2020-03-01T21:00:49+00:00","dateModified":"2020-03-02T13:35:51+00:00","breadcrumb":{"@id":"https:\/\/formateiendom.no\/ollebukta\/quality-living\/#breadcrumb"},"inLanguage":"nb-NO","potentialAction":[{"@type":"ReadAction","target":["https:\/\/formateiendom.no\/ollebukta\/quality-living\/"]}]},{"@type":"ImageObject","inLanguage":"nb-NO","@id":"https:\/\/formateiendom.no\/ollebukta\/quality-living\/#primaryimage","url":"https:\/\/256859-www.web.tornado-node.net\/ollebukta\/wp-content\/uploads\/sites\/2\/2020\/03\/hotell_fasade.jpg","contentUrl":"https:\/\/256859-www.web.tornado-node.net\/ollebukta\/wp-content\/uploads\/sites\/2\/2020\/03\/hotell_fasade.jpg"},{"@type":"BreadcrumbList","@id":"https:\/\/formateiendom.no\/ollebukta\/quality-living\/#breadcrumb","itemListElement":[{"@type":"ListItem","position":1,"name":"Hjem","item":"https:\/\/formateiendom.no\/ollebukta\/"},{"@type":"ListItem","position":2,"name":"Quality Living"}]},{"@type":"WebSite","@id":"https:\/\/formateiendom.no\/ollebukta\/#website","url":"https:\/\/formateiendom.no\/ollebukta\/","name":"Ollebukta","description":"Et Format Eiendom-prosjekt","publisher":{"@id":"https:\/\/formateiendom.no\/ollebukta\/#organization"},"potentialAction":[{"@type":"SearchAction","target":{"@type":"EntryPoint","urlTemplate":"https:\/\/formateiendom.no\/ollebukta\/?s={search_term_string}"},"query-input":{"@type":"PropertyValueSpecification","valueRequired":true,"valueName":"search_term_string"}}],"inLanguage":"nb-NO"},{"@type":"Organization","@id":"https:\/\/formateiendom.no\/ollebukta\/#organization","name":"Ollebukta","url":"https:\/\/formateiendom.no\/ollebukta\/","logo":{"@type":"ImageObject","inLanguage":"nb-NO","@id":"https:\/\/formateiendom.no\/ollebukta\/#\/schema\/logo\/image\/","url":"https:\/\/formateiendom.no\/ollebukta\/wp-content\/uploads\/sites\/2\/2020\/02\/cropped-ollebukta-header-1-768x200-1.png","contentUrl":"https:\/\/formateiendom.no\/ollebukta\/wp-content\/uploads\/sites\/2\/2020\/02\/cropped-ollebukta-header-1-768x200-1.png","width":768,"height":200,"caption":"Ollebukta"},"image":{"@id":"https:\/\/formateiendom.no\/ollebukta\/#\/schema\/logo\/image\/"}}]}},"_links":{"self":[{"href":"https:\/\/formateiendom.no\/ollebukta\/wp-json\/wp\/v2\/pages\/65","targetHints":{"allow":["GET"]}}],"collection":[{"href":"https:\/\/formateiendom.no\/ollebukta\/wp-json\/wp\/v2\/pages"}],"about":[{"href":"https:\/\/formateiendom.no\/ollebukta\/wp-json\/wp\/v2\/types\/page"}],"author":[{"embeddable":true,"href":"https:\/\/formateiendom.no\/ollebukta\/wp-json\/wp\/v2\/users\/1"}],"replies":[{"embeddable":true,"href":"https:\/\/formateiendom.no\/ollebukta\/wp-json\/wp\/v2\/comments?post=65"}],"version-history":[{"count":0,"href":"https:\/\/formateiendom.no\/ollebukta\/wp-json\/wp\/v2\/pages\/65\/revisions"}],"wp:attachment":[{"href":"https:\/\/formateiendom.no\/ollebukta\/wp-json\/wp\/v2\/media?parent=65"}],"curies":[{"name":"wp","href":"https:\/\/api.w.org\/{rel}","templated":true}]}}