{"id":188,"date":"2022-10-25T15:35:39","date_gmt":"2022-10-25T13:35:39","guid":{"rendered":"https:\/\/formateiendom.no\/soeberg-gate-3-bolig\/?page_id=188"},"modified":"2023-02-06T08:43:38","modified_gmt":"2023-02-06T07:43:38","slug":"dokumenter","status":"publish","type":"page","link":"https:\/\/formateiendom.no\/soeberg-gate-3-bolig\/dokumenter\/","title":{"rendered":"Dokumenter"},"content":{"rendered":"\t\t<div data-elementor-type=\"wp-page\" data-elementor-id=\"188\" class=\"elementor elementor-188\" data-elementor-post-type=\"page\">\n\t\t\t\t\t\t<section class=\"elementor-section elementor-top-section elementor-element elementor-element-c628eb0 elementor-section-boxed elementor-section-height-default elementor-section-height-default\" data-id=\"c628eb0\" data-element_type=\"section\" data-e-type=\"section\" data-settings=\"{&quot;background_background&quot;:&quot;classic&quot;}\">\n\t\t\t\t\t\t\t<div class=\"elementor-background-overlay\"><\/div>\n\t\t\t\t\t\t\t<div class=\"elementor-container elementor-column-gap-default\">\n\t\t\t\t\t<div class=\"elementor-column elementor-col-100 elementor-top-column elementor-element elementor-element-8d1f7cc\" data-id=\"8d1f7cc\" data-element_type=\"column\" data-e-type=\"column\">\n\t\t\t<div class=\"elementor-widget-wrap elementor-element-populated\">\n\t\t\t\t\t\t<div class=\"elementor-element elementor-element-42f579b elementor-widget elementor-widget-heading\" data-id=\"42f579b\" data-element_type=\"widget\" data-e-type=\"widget\" data-widget_type=\"heading.default\">\n\t\t\t\t<div class=\"elementor-widget-container\">\n\t\t\t\t\t<h2 class=\"elementor-heading-title elementor-size-default\">Dokumenter<\/h2>\t\t\t\t<\/div>\n\t\t\t\t<\/div>\n\t\t\t\t<div class=\"elementor-element elementor-element-819a26d elementor-widget-divider--view-line elementor-widget elementor-widget-divider\" data-id=\"819a26d\" data-element_type=\"widget\" data-e-type=\"widget\" data-widget_type=\"divider.default\">\n\t\t\t\t<div class=\"elementor-widget-container\">\n\t\t\t\t\t\t\t<div class=\"elementor-divider\">\n\t\t\t<span class=\"elementor-divider-separator\">\n\t\t\t\t\t\t<\/span>\n\t\t<\/div>\n\t\t\t\t\t\t<\/div>\n\t\t\t\t<\/div>\n\t\t\t\t\t<\/div>\n\t\t<\/div>\n\t\t\t\t\t<\/div>\n\t\t<\/section>\n\t\t\t\t<section class=\"elementor-section elementor-top-section elementor-element elementor-element-26fbd77 elementor-section-boxed elementor-section-height-default elementor-section-height-default\" data-id=\"26fbd77\" data-element_type=\"section\" data-e-type=\"section\">\n\t\t\t\t\t\t<div class=\"elementor-container elementor-column-gap-default\">\n\t\t\t\t\t<div class=\"elementor-column elementor-col-100 elementor-top-column elementor-element elementor-element-dc31be6\" data-id=\"dc31be6\" data-element_type=\"column\" data-e-type=\"column\">\n\t\t\t<div class=\"elementor-widget-wrap elementor-element-populated\">\n\t\t\t\t\t\t<div class=\"elementor-element elementor-element-6987624 elementor-widget elementor-widget-text-editor\" data-id=\"6987624\" data-element_type=\"widget\" data-e-type=\"widget\" data-widget_type=\"text-editor.default\">\n\t\t\t\t<div class=\"elementor-widget-container\">\n\t\t\t\t\t\t\t\t\t<p>Her finner du dokumenter som er tilknyttet prosjektet. Nye dokumenter tilf\u00f8res jevnlig ut ifra hvor langt vi er kommet i prosjekteringsfasen, og oppdateringer underveis i prosessen kan forekomme.<br><\/p>\t\t\t\t\t\t\t\t<\/div>\n\t\t\t\t<\/div>\n\t\t\t\t\t<\/div>\n\t\t<\/div>\n\t\t\t\t\t<\/div>\n\t\t<\/section>\n\t\t\t\t<section class=\"elementor-section elementor-top-section elementor-element elementor-element-3d3b105 elementor-section-boxed elementor-section-height-default elementor-section-height-default\" data-id=\"3d3b105\" data-element_type=\"section\" data-e-type=\"section\">\n\t\t\t\t\t\t<div class=\"elementor-container elementor-column-gap-default\">\n\t\t\t\t\t<div class=\"elementor-column elementor-col-33 elementor-top-column elementor-element elementor-element-a802d8a\" data-id=\"a802d8a\" data-element_type=\"column\" data-e-type=\"column\">\n\t\t\t<div class=\"elementor-widget-wrap elementor-element-populated\">\n\t\t\t\t\t\t<div class=\"elementor-element elementor-element-444529c elementor-widget elementor-widget-heading\" data-id=\"444529c\" data-element_type=\"widget\" data-e-type=\"widget\" data-widget_type=\"heading.default\">\n\t\t\t\t<div class=\"elementor-widget-container\">\n\t\t\t\t\t<h2 class=\"elementor-heading-title elementor-size-default\">Prospekt<\/h2>\t\t\t\t<\/div>\n\t\t\t\t<\/div>\n\t\t\t\t<div class=\"elementor-element elementor-element-5fe30d2 elementor-widget-divider--view-line elementor-widget elementor-widget-divider\" data-id=\"5fe30d2\" data-element_type=\"widget\" data-e-type=\"widget\" data-widget_type=\"divider.default\">\n\t\t\t\t<div class=\"elementor-widget-container\">\n\t\t\t\t\t\t\t<div class=\"elementor-divider\">\n\t\t\t<span class=\"elementor-divider-separator\">\n\t\t\t\t\t\t<\/span>\n\t\t<\/div>\n\t\t\t\t\t\t<\/div>\n\t\t\t\t<\/div>\n\t\t\t\t<div class=\"elementor-element elementor-element-76befe8 elementor-align-justify elementor-widget elementor-widget-button\" data-id=\"76befe8\" data-element_type=\"widget\" data-e-type=\"widget\" data-widget_type=\"button.default\">\n\t\t\t\t<div class=\"elementor-widget-container\">\n\t\t\t\t\t\t\t\t\t<div class=\"elementor-button-wrapper\">\n\t\t\t\t\t<a class=\"elementor-button elementor-button-link elementor-size-sm\" href=\"https:\/\/formateiendom.no\/soeberg-gate-3-bolig\/wp-content\/uploads\/sites\/30\/2022\/10\/Soebergs-Gate-3-Oppslag.pdf\">\n\t\t\t\t\t\t<span class=\"elementor-button-content-wrapper\">\n\t\t\t\t\t\t<span class=\"elementor-button-icon\">\n\t\t\t\t<i aria-hidden=\"true\" class=\"fal fa-file-pdf\"><\/i>\t\t\t<\/span>\n\t\t\t\t\t\t\t\t\t<span class=\"elementor-button-text\">S\u00f8ebergs Gate 3<\/span>\n\t\t\t\t\t<\/span>\n\t\t\t\t\t<\/a>\n\t\t\t\t<\/div>\n\t\t\t\t\t\t\t\t<\/div>\n\t\t\t\t<\/div>\n\t\t\t\t\t<\/div>\n\t\t<\/div>\n\t\t\t\t<div class=\"elementor-column elementor-col-33 elementor-top-column elementor-element elementor-element-f3613ae\" data-id=\"f3613ae\" data-element_type=\"column\" data-e-type=\"column\">\n\t\t\t<div class=\"elementor-widget-wrap elementor-element-populated\">\n\t\t\t\t\t\t<div class=\"elementor-element elementor-element-ae1d4fc elementor-widget elementor-widget-heading\" data-id=\"ae1d4fc\" data-element_type=\"widget\" data-e-type=\"widget\" data-widget_type=\"heading.default\">\n\t\t\t\t<div class=\"elementor-widget-container\">\n\t\t\t\t\t<h2 class=\"elementor-heading-title elementor-size-default\">Prisliste<\/h2>\t\t\t\t<\/div>\n\t\t\t\t<\/div>\n\t\t\t\t<div class=\"elementor-element elementor-element-a2799ca elementor-widget-divider--view-line elementor-widget elementor-widget-divider\" data-id=\"a2799ca\" data-element_type=\"widget\" data-e-type=\"widget\" data-widget_type=\"divider.default\">\n\t\t\t\t<div class=\"elementor-widget-container\">\n\t\t\t\t\t\t\t<div class=\"elementor-divider\">\n\t\t\t<span class=\"elementor-divider-separator\">\n\t\t\t\t\t\t<\/span>\n\t\t<\/div>\n\t\t\t\t\t\t<\/div>\n\t\t\t\t<\/div>\n\t\t\t\t<div class=\"elementor-element elementor-element-5748a99 elementor-align-justify elementor-widget elementor-widget-button\" data-id=\"5748a99\" data-element_type=\"widget\" data-e-type=\"widget\" data-widget_type=\"button.default\">\n\t\t\t\t<div class=\"elementor-widget-container\">\n\t\t\t\t\t\t\t\t\t<div class=\"elementor-button-wrapper\">\n\t\t\t\t\t<a class=\"elementor-button elementor-button-link elementor-size-sm\" href=\"https:\/\/formateiendom.no\/soeberg-gate-3-bolig\/wp-content\/uploads\/sites\/30\/2023\/02\/Prisliste-Soebergs-Gate-3-rev.-06.02.23.pdf\">\n\t\t\t\t\t\t<span class=\"elementor-button-content-wrapper\">\n\t\t\t\t\t\t<span class=\"elementor-button-icon\">\n\t\t\t\t<i aria-hidden=\"true\" class=\"fal fa-file-pdf\"><\/i>\t\t\t<\/span>\n\t\t\t\t\t\t\t\t\t<span class=\"elementor-button-text\">S\u00f8ebergs Gate 3<\/span>\n\t\t\t\t\t<\/span>\n\t\t\t\t\t<\/a>\n\t\t\t\t<\/div>\n\t\t\t\t\t\t\t\t<\/div>\n\t\t\t\t<\/div>\n\t\t\t\t\t<\/div>\n\t\t<\/div>\n\t\t\t\t<div class=\"elementor-column elementor-col-33 elementor-top-column elementor-element elementor-element-021e162\" data-id=\"021e162\" data-element_type=\"column\" data-e-type=\"column\">\n\t\t\t<div class=\"elementor-widget-wrap elementor-element-populated\">\n\t\t\t\t\t\t<div class=\"elementor-element elementor-element-d576736 elementor-widget elementor-widget-heading\" data-id=\"d576736\" data-element_type=\"widget\" data-e-type=\"widget\" data-widget_type=\"heading.default\">\n\t\t\t\t<div class=\"elementor-widget-container\">\n\t\t\t\t\t<h2 class=\"elementor-heading-title elementor-size-default\">Budskjema<\/h2>\t\t\t\t<\/div>\n\t\t\t\t<\/div>\n\t\t\t\t<div class=\"elementor-element elementor-element-34db22d elementor-widget-divider--view-line elementor-widget elementor-widget-divider\" data-id=\"34db22d\" data-element_type=\"widget\" data-e-type=\"widget\" data-widget_type=\"divider.default\">\n\t\t\t\t<div class=\"elementor-widget-container\">\n\t\t\t\t\t\t\t<div class=\"elementor-divider\">\n\t\t\t<span class=\"elementor-divider-separator\">\n\t\t\t\t\t\t<\/span>\n\t\t<\/div>\n\t\t\t\t\t\t<\/div>\n\t\t\t\t<\/div>\n\t\t\t\t<div class=\"elementor-element elementor-element-87d56ef elementor-align-justify elementor-widget elementor-widget-button\" data-id=\"87d56ef\" data-element_type=\"widget\" data-e-type=\"widget\" data-widget_type=\"button.default\">\n\t\t\t\t<div class=\"elementor-widget-container\">\n\t\t\t\t\t\t\t\t\t<div class=\"elementor-button-wrapper\">\n\t\t\t\t\t<a class=\"elementor-button elementor-button-link elementor-size-sm\" href=\"https:\/\/formateiendom.no\/soeberg-gate-3-bolig\/wp-content\/uploads\/sites\/30\/2022\/10\/Kjopetilbud-skjema-SG3.pdf\">\n\t\t\t\t\t\t<span class=\"elementor-button-content-wrapper\">\n\t\t\t\t\t\t<span class=\"elementor-button-icon\">\n\t\t\t\t<i aria-hidden=\"true\" class=\"fal fa-file-pdf\"><\/i>\t\t\t<\/span>\n\t\t\t\t\t\t\t\t\t<span class=\"elementor-button-text\">S\u00f8ebergs Gate 3<\/span>\n\t\t\t\t\t<\/span>\n\t\t\t\t\t<\/a>\n\t\t\t\t<\/div>\n\t\t\t\t\t\t\t\t<\/div>\n\t\t\t\t<\/div>\n\t\t\t\t\t<\/div>\n\t\t<\/div>\n\t\t\t\t\t<\/div>\n\t\t<\/section>\n\t\t\t\t<\/div>\n\t\t","protected":false},"excerpt":{"rendered":"<p>Dokumenter Her finner du dokumenter som er tilknyttet prosjektet. Nye dokumenter tilf\u00f8res jevnlig ut ifra hvor langt vi er kommet i prosjekteringsfasen, og oppdateringer underveis i prosessen kan forekomme. Prospekt S\u00f8ebergs Gate 3 Prisliste S\u00f8ebergs Gate 3 Budskjema S\u00f8ebergs Gate 3<\/p>\n","protected":false},"author":1,"featured_media":0,"parent":0,"menu_order":0,"comment_status":"closed","ping_status":"closed","template":"elementor_header_footer","meta":{"inline_featured_image":false,"footnotes":""},"class_list":["post-188","page","type-page","status-publish","hentry"],"yoast_head":"<!-- This site is optimized with the Yoast SEO plugin v26.9 - https:\/\/yoast.com\/product\/yoast-seo-wordpress\/ -->\n<title>Dokumenter - S\u00f8ebergs Gate 3, Sandefjord<\/title>\n<meta name=\"robots\" content=\"index, follow, max-snippet:-1, max-image-preview:large, max-video-preview:-1\" \/>\n<link rel=\"canonical\" href=\"https:\/\/formateiendom.no\/soeberg-gate-3-bolig\/dokumenter\/\" \/>\n<meta property=\"og:locale\" content=\"nb_NO\" \/>\n<meta property=\"og:type\" content=\"article\" \/>\n<meta property=\"og:title\" content=\"Dokumenter - S\u00f8ebergs Gate 3, Sandefjord\" \/>\n<meta property=\"og:description\" content=\"Dokumenter Her finner du dokumenter som er tilknyttet prosjektet. Nye dokumenter tilf\u00f8res jevnlig ut ifra hvor langt vi er kommet i prosjekteringsfasen, og oppdateringer underveis i prosessen kan forekomme. Prospekt S\u00f8ebergs Gate 3 Prisliste S\u00f8ebergs Gate 3 Budskjema S\u00f8ebergs Gate 3\" \/>\n<meta property=\"og:url\" content=\"https:\/\/formateiendom.no\/soeberg-gate-3-bolig\/dokumenter\/\" \/>\n<meta property=\"og:site_name\" content=\"S\u00f8eberg Gate 3 Bolig\" \/>\n<meta property=\"article:modified_time\" content=\"2023-02-06T07:43:38+00:00\" \/>\n<meta name=\"twitter:card\" content=\"summary_large_image\" \/>\n<meta name=\"twitter:label1\" content=\"Ansl. lesetid\" \/>\n\t<meta name=\"twitter:data1\" content=\"1 minutt\" \/>\n<script type=\"application\/ld+json\" class=\"yoast-schema-graph\">{\"@context\":\"https:\/\/schema.org\",\"@graph\":[{\"@type\":\"WebPage\",\"@id\":\"https:\/\/formateiendom.no\/soeberg-gate-3-bolig\/dokumenter\/\",\"url\":\"https:\/\/formateiendom.no\/soeberg-gate-3-bolig\/dokumenter\/\",\"name\":\"Dokumenter - S\u00f8ebergs Gate 3, Sandefjord\",\"isPartOf\":{\"@id\":\"https:\/\/formateiendom.no\/soeberg-gate-3-bolig\/#website\"},\"datePublished\":\"2022-10-25T13:35:39+00:00\",\"dateModified\":\"2023-02-06T07:43:38+00:00\",\"breadcrumb\":{\"@id\":\"https:\/\/formateiendom.no\/soeberg-gate-3-bolig\/dokumenter\/#breadcrumb\"},\"inLanguage\":\"nb-NO\",\"potentialAction\":[{\"@type\":\"ReadAction\",\"target\":[\"https:\/\/formateiendom.no\/soeberg-gate-3-bolig\/dokumenter\/\"]}]},{\"@type\":\"BreadcrumbList\",\"@id\":\"https:\/\/formateiendom.no\/soeberg-gate-3-bolig\/dokumenter\/#breadcrumb\",\"itemListElement\":[{\"@type\":\"ListItem\",\"position\":1,\"name\":\"Hjem\",\"item\":\"https:\/\/formateiendom.no\/soeberg-gate-3-bolig\/\"},{\"@type\":\"ListItem\",\"position\":2,\"name\":\"Dokumenter\"}]},{\"@type\":\"WebSite\",\"@id\":\"https:\/\/formateiendom.no\/soeberg-gate-3-bolig\/#website\",\"url\":\"https:\/\/formateiendom.no\/soeberg-gate-3-bolig\/\",\"name\":\"S\u00f8eberg Gate 3 Bolig\",\"description\":\"Bare enda et Format Eiendom-nettsted\",\"potentialAction\":[{\"@type\":\"SearchAction\",\"target\":{\"@type\":\"EntryPoint\",\"urlTemplate\":\"https:\/\/formateiendom.no\/soeberg-gate-3-bolig\/?s={search_term_string}\"},\"query-input\":{\"@type\":\"PropertyValueSpecification\",\"valueRequired\":true,\"valueName\":\"search_term_string\"}}],\"inLanguage\":\"nb-NO\"}]}<\/script>\n<!-- \/ Yoast SEO plugin. -->","yoast_head_json":{"title":"Dokumenter - S\u00f8ebergs Gate 3, Sandefjord","robots":{"index":"index","follow":"follow","max-snippet":"max-snippet:-1","max-image-preview":"max-image-preview:large","max-video-preview":"max-video-preview:-1"},"canonical":"https:\/\/formateiendom.no\/soeberg-gate-3-bolig\/dokumenter\/","og_locale":"nb_NO","og_type":"article","og_title":"Dokumenter - S\u00f8ebergs Gate 3, Sandefjord","og_description":"Dokumenter Her finner du dokumenter som er tilknyttet prosjektet. Nye dokumenter tilf\u00f8res jevnlig ut ifra hvor langt vi er kommet i prosjekteringsfasen, og oppdateringer underveis i prosessen kan forekomme. Prospekt S\u00f8ebergs Gate 3 Prisliste S\u00f8ebergs Gate 3 Budskjema S\u00f8ebergs Gate 3","og_url":"https:\/\/formateiendom.no\/soeberg-gate-3-bolig\/dokumenter\/","og_site_name":"S\u00f8eberg Gate 3 Bolig","article_modified_time":"2023-02-06T07:43:38+00:00","twitter_card":"summary_large_image","twitter_misc":{"Ansl. lesetid":"1 minutt"},"schema":{"@context":"https:\/\/schema.org","@graph":[{"@type":"WebPage","@id":"https:\/\/formateiendom.no\/soeberg-gate-3-bolig\/dokumenter\/","url":"https:\/\/formateiendom.no\/soeberg-gate-3-bolig\/dokumenter\/","name":"Dokumenter - S\u00f8ebergs Gate 3, Sandefjord","isPartOf":{"@id":"https:\/\/formateiendom.no\/soeberg-gate-3-bolig\/#website"},"datePublished":"2022-10-25T13:35:39+00:00","dateModified":"2023-02-06T07:43:38+00:00","breadcrumb":{"@id":"https:\/\/formateiendom.no\/soeberg-gate-3-bolig\/dokumenter\/#breadcrumb"},"inLanguage":"nb-NO","potentialAction":[{"@type":"ReadAction","target":["https:\/\/formateiendom.no\/soeberg-gate-3-bolig\/dokumenter\/"]}]},{"@type":"BreadcrumbList","@id":"https:\/\/formateiendom.no\/soeberg-gate-3-bolig\/dokumenter\/#breadcrumb","itemListElement":[{"@type":"ListItem","position":1,"name":"Hjem","item":"https:\/\/formateiendom.no\/soeberg-gate-3-bolig\/"},{"@type":"ListItem","position":2,"name":"Dokumenter"}]},{"@type":"WebSite","@id":"https:\/\/formateiendom.no\/soeberg-gate-3-bolig\/#website","url":"https:\/\/formateiendom.no\/soeberg-gate-3-bolig\/","name":"S\u00f8eberg Gate 3 Bolig","description":"Bare enda et Format Eiendom-nettsted","potentialAction":[{"@type":"SearchAction","target":{"@type":"EntryPoint","urlTemplate":"https:\/\/formateiendom.no\/soeberg-gate-3-bolig\/?s={search_term_string}"},"query-input":{"@type":"PropertyValueSpecification","valueRequired":true,"valueName":"search_term_string"}}],"inLanguage":"nb-NO"}]}},"_links":{"self":[{"href":"https:\/\/formateiendom.no\/soeberg-gate-3-bolig\/wp-json\/wp\/v2\/pages\/188","targetHints":{"allow":["GET"]}}],"collection":[{"href":"https:\/\/formateiendom.no\/soeberg-gate-3-bolig\/wp-json\/wp\/v2\/pages"}],"about":[{"href":"https:\/\/formateiendom.no\/soeberg-gate-3-bolig\/wp-json\/wp\/v2\/types\/page"}],"author":[{"embeddable":true,"href":"https:\/\/formateiendom.no\/soeberg-gate-3-bolig\/wp-json\/wp\/v2\/users\/1"}],"replies":[{"embeddable":true,"href":"https:\/\/formateiendom.no\/soeberg-gate-3-bolig\/wp-json\/wp\/v2\/comments?post=188"}],"version-history":[{"count":22,"href":"https:\/\/formateiendom.no\/soeberg-gate-3-bolig\/wp-json\/wp\/v2\/pages\/188\/revisions"}],"predecessor-version":[{"id":321,"href":"https:\/\/formateiendom.no\/soeberg-gate-3-bolig\/wp-json\/wp\/v2\/pages\/188\/revisions\/321"}],"wp:attachment":[{"href":"https:\/\/formateiendom.no\/soeberg-gate-3-bolig\/wp-json\/wp\/v2\/media?parent=188"}],"curies":[{"name":"wp","href":"https:\/\/api.w.org\/{rel}","templated":true}]}}