{"id":248,"date":"2022-10-25T17:38:28","date_gmt":"2022-10-25T15:38:28","guid":{"rendered":"https:\/\/formateiendom.no\/soeberg-gate-3-bolig\/?page_id=248"},"modified":"2022-10-25T20:43:57","modified_gmt":"2022-10-25T18:43:57","slug":"om-prosjektet","status":"publish","type":"page","link":"https:\/\/formateiendom.no\/soeberg-gate-3-bolig\/om-prosjektet\/","title":{"rendered":"Om prosjektet"},"content":{"rendered":"\t\t<div data-elementor-type=\"wp-page\" data-elementor-id=\"248\" class=\"elementor elementor-248\" data-elementor-post-type=\"page\">\n\t\t\t\t\t\t<section class=\"elementor-section elementor-top-section elementor-element elementor-element-c628eb0 elementor-section-boxed elementor-section-height-default elementor-section-height-default\" data-id=\"c628eb0\" data-element_type=\"section\" data-e-type=\"section\" data-settings=\"{&quot;background_background&quot;:&quot;classic&quot;}\">\n\t\t\t\t\t\t\t<div class=\"elementor-background-overlay\"><\/div>\n\t\t\t\t\t\t\t<div class=\"elementor-container elementor-column-gap-default\">\n\t\t\t\t\t<div class=\"elementor-column elementor-col-100 elementor-top-column elementor-element elementor-element-8d1f7cc\" data-id=\"8d1f7cc\" data-element_type=\"column\" data-e-type=\"column\">\n\t\t\t<div class=\"elementor-widget-wrap elementor-element-populated\">\n\t\t\t\t\t\t<div class=\"elementor-element elementor-element-42f579b elementor-widget elementor-widget-heading\" data-id=\"42f579b\" data-element_type=\"widget\" data-e-type=\"widget\" data-widget_type=\"heading.default\">\n\t\t\t\t<div class=\"elementor-widget-container\">\n\t\t\t\t\t<h2 class=\"elementor-heading-title elementor-size-default\">Om prosjektet<\/h2>\t\t\t\t<\/div>\n\t\t\t\t<\/div>\n\t\t\t\t<div class=\"elementor-element elementor-element-819a26d elementor-widget-divider--view-line elementor-widget elementor-widget-divider\" data-id=\"819a26d\" data-element_type=\"widget\" data-e-type=\"widget\" data-widget_type=\"divider.default\">\n\t\t\t\t<div class=\"elementor-widget-container\">\n\t\t\t\t\t\t\t<div class=\"elementor-divider\">\n\t\t\t<span class=\"elementor-divider-separator\">\n\t\t\t\t\t\t<\/span>\n\t\t<\/div>\n\t\t\t\t\t\t<\/div>\n\t\t\t\t<\/div>\n\t\t\t\t\t<\/div>\n\t\t<\/div>\n\t\t\t\t\t<\/div>\n\t\t<\/section>\n\t\t\t\t<section class=\"elementor-section elementor-top-section elementor-element elementor-element-00714e6 elementor-section-boxed elementor-section-height-default elementor-section-height-default\" data-id=\"00714e6\" data-element_type=\"section\" data-e-type=\"section\">\n\t\t\t\t\t\t<div class=\"elementor-container elementor-column-gap-default\">\n\t\t\t\t\t<div class=\"elementor-column elementor-col-50 elementor-top-column elementor-element elementor-element-d25ebca\" data-id=\"d25ebca\" data-element_type=\"column\" data-e-type=\"column\">\n\t\t\t<div class=\"elementor-widget-wrap elementor-element-populated\">\n\t\t\t\t\t\t<div class=\"elementor-element elementor-element-319aad7 elementor-widget elementor-widget-text-editor\" data-id=\"319aad7\" data-element_type=\"widget\" data-e-type=\"widget\" data-widget_type=\"text-editor.default\">\n\t\t\t\t<div class=\"elementor-widget-container\">\n\t\t\t\t\t\t\t\t\t<p><b>4 eksklusive toppleiligheter midt i Sandefjord sentrum<br \/><\/b>P\u00e5 den inntrukne toppetasjen i 5. etg, bygges det fire flotte,\u00a0gjennomg\u00e5ende leiligheter fra 103 \u2013 120 m\u00b2 med tilh\u00f8rende takterrasse. Leilighetene er l\u00f8ftet s\u00e5 h\u00f8yt at den flotte\u00a0utsikten over Sandefjord \u00e5penbarer seg og skaper et godt utgangspunkt for gode leiligheter.<\/p>\t\t\t\t\t\t\t\t<\/div>\n\t\t\t\t<\/div>\n\t\t\t\t\t<\/div>\n\t\t<\/div>\n\t\t\t\t<div class=\"elementor-column elementor-col-50 elementor-top-column elementor-element elementor-element-1a68787\" data-id=\"1a68787\" data-element_type=\"column\" data-e-type=\"column\">\n\t\t\t<div class=\"elementor-widget-wrap elementor-element-populated\">\n\t\t\t\t\t\t<div class=\"elementor-element elementor-element-46f7196 elementor-widget elementor-widget-text-editor\" data-id=\"46f7196\" data-element_type=\"widget\" data-e-type=\"widget\" data-widget_type=\"text-editor.default\">\n\t\t\t\t<div class=\"elementor-widget-container\">\n\t\t\t\t\t\t\t\t\t<p><b>Sentral beliggenhet<br \/><\/b>S\u00f8bergs gate 3 har en sentral beliggenhet, med umiddel-<br \/>bar n\u00e6rhet til Sandefjord sentrum. Vedtatt reguleringsplan legger til rette for 4 etasjer med kontoer og \u00e9n etasje med leiligheter.<\/p>\t\t\t\t\t\t\t\t<\/div>\n\t\t\t\t<\/div>\n\t\t\t\t\t<\/div>\n\t\t<\/div>\n\t\t\t\t\t<\/div>\n\t\t<\/section>\n\t\t\t\t<section class=\"elementor-section elementor-top-section elementor-element elementor-element-7274fdd elementor-section-full_width elementor-section-height-default elementor-section-height-default\" data-id=\"7274fdd\" data-element_type=\"section\" data-e-type=\"section\">\n\t\t\t\t\t\t<div class=\"elementor-container elementor-column-gap-no\">\n\t\t\t\t\t<div class=\"elementor-column elementor-col-50 elementor-top-column elementor-element elementor-element-369584d\" data-id=\"369584d\" data-element_type=\"column\" data-e-type=\"column\">\n\t\t\t<div class=\"elementor-widget-wrap elementor-element-populated\">\n\t\t\t\t\t\t<div class=\"elementor-element elementor-element-ca27194 elementor-widget elementor-widget-image\" data-id=\"ca27194\" data-element_type=\"widget\" data-e-type=\"widget\" data-widget_type=\"image.default\">\n\t\t\t\t<div class=\"elementor-widget-container\">\n\t\t\t\t\t\t\t\t\t\t\t\t\t\t\t<img decoding=\"async\" src=\"https:\/\/formateiendom.no\/soeberg-gate-3-bolig\/wp-content\/uploads\/sites\/30\/elementor\/thumbs\/Foto001-pwqeb2vm8dc28ekfzkzuhddedi29ftpeoiza7nr680.jpg\" title=\"Foto001\" alt=\"Foto001\" loading=\"lazy\" \/>\t\t\t\t\t\t\t\t\t\t\t\t\t\t\t<\/div>\n\t\t\t\t<\/div>\n\t\t\t\t\t<\/div>\n\t\t<\/div>\n\t\t\t\t<div class=\"elementor-column elementor-col-50 elementor-top-column elementor-element elementor-element-16608f1\" data-id=\"16608f1\" data-element_type=\"column\" data-e-type=\"column\">\n\t\t\t<div class=\"elementor-widget-wrap elementor-element-populated\">\n\t\t\t\t\t\t<div class=\"elementor-element elementor-element-e3c5e9e elementor-widget elementor-widget-image\" data-id=\"e3c5e9e\" data-element_type=\"widget\" data-e-type=\"widget\" data-widget_type=\"image.default\">\n\t\t\t\t<div class=\"elementor-widget-container\">\n\t\t\t\t\t\t\t\t\t\t\t\t\t\t\t<img decoding=\"async\" src=\"https:\/\/formateiendom.no\/soeberg-gate-3-bolig\/wp-content\/uploads\/sites\/30\/elementor\/thumbs\/Foto004-pwqecgp2al89bqk2woj2nistux8prs76jdk0nbpb28.jpg\" title=\"Foto004\" alt=\"Foto004\" loading=\"lazy\" \/>\t\t\t\t\t\t\t\t\t\t\t\t\t\t\t<\/div>\n\t\t\t\t<\/div>\n\t\t\t\t\t<\/div>\n\t\t<\/div>\n\t\t\t\t\t<\/div>\n\t\t<\/section>\n\t\t\t\t<section class=\"elementor-section elementor-top-section elementor-element elementor-element-739b0d8 elementor-section-boxed elementor-section-height-default elementor-section-height-default\" data-id=\"739b0d8\" data-element_type=\"section\" data-e-type=\"section\">\n\t\t\t\t\t\t<div class=\"elementor-container elementor-column-gap-default\">\n\t\t\t\t\t<div class=\"elementor-column elementor-col-50 elementor-top-column elementor-element elementor-element-d4161fc\" data-id=\"d4161fc\" data-element_type=\"column\" data-e-type=\"column\">\n\t\t\t<div class=\"elementor-widget-wrap elementor-element-populated\">\n\t\t\t\t\t\t<div class=\"elementor-element elementor-element-9dd1098 elementor-widget elementor-widget-text-editor\" data-id=\"9dd1098\" data-element_type=\"widget\" data-e-type=\"widget\" data-widget_type=\"text-editor.default\">\n\t\t\t\t<div class=\"elementor-widget-container\">\n\t\t\t\t\t\t\t\t\t<p><b>Leiligheter med h\u00f8y bo-kvalitet<br \/><\/b>V\u00e5rt m\u00e5l har v\u00e6rt \u00e5 skape leiligheter med h\u00f8y bo-kvalitet, som for oss vil si solrike leiligheter med god utsikt, mye lys og luft, samt god funksjonalitet.\u00a0De fire leilighetene er gjennomg\u00e5ende med fasade mot \u00f8st og vest, hvilket gj\u00f8r at man f\u00e5r glede av b\u00e5de\u00a0morgen- og kveldssolen.<\/p>\t\t\t\t\t\t\t\t<\/div>\n\t\t\t\t<\/div>\n\t\t\t\t\t<\/div>\n\t\t<\/div>\n\t\t\t\t<div class=\"elementor-column elementor-col-50 elementor-top-column elementor-element elementor-element-f417a70\" data-id=\"f417a70\" data-element_type=\"column\" data-e-type=\"column\">\n\t\t\t<div class=\"elementor-widget-wrap elementor-element-populated\">\n\t\t\t\t\t\t<div class=\"elementor-element elementor-element-c79e3c5 elementor-widget elementor-widget-text-editor\" data-id=\"c79e3c5\" data-element_type=\"widget\" data-e-type=\"widget\" data-widget_type=\"text-editor.default\">\n\t\t\t\t<div class=\"elementor-widget-container\">\n\t\t\t\t\t\t\t\t\t<p><b>Private uteoppholdsarealer<br \/><\/b>Tre av leilighetene har inngang fra takterrassen, noe som gir opplevelsen av en egen bolig i taklandskapet. Leilighetene har privat uteoppholdsareal p\u00e5 minst to sider: \u00f8st og vest. Adkomsten til leilighetene er lagt i \u00f8st, slik at de helt private uteoppholdsarealene ligger godt skjermet p\u00e5 vestsiden, der man kan nyte kveldssolen.<\/p>\t\t\t\t\t\t\t\t<\/div>\n\t\t\t\t<\/div>\n\t\t\t\t\t<\/div>\n\t\t<\/div>\n\t\t\t\t\t<\/div>\n\t\t<\/section>\n\t\t\t\t<section class=\"elementor-section elementor-top-section elementor-element elementor-element-d7ff87c elementor-section-full_width elementor-section-height-default elementor-section-height-default\" data-id=\"d7ff87c\" data-element_type=\"section\" data-e-type=\"section\">\n\t\t\t\t\t\t<div class=\"elementor-container elementor-column-gap-no\">\n\t\t\t\t\t<div class=\"elementor-column elementor-col-50 elementor-top-column elementor-element elementor-element-a7ce481\" data-id=\"a7ce481\" data-element_type=\"column\" data-e-type=\"column\">\n\t\t\t<div class=\"elementor-widget-wrap elementor-element-populated\">\n\t\t\t\t\t\t<div class=\"elementor-element elementor-element-ee9d5be elementor-widget elementor-widget-image\" data-id=\"ee9d5be\" data-element_type=\"widget\" data-e-type=\"widget\" data-widget_type=\"image.default\">\n\t\t\t\t<div class=\"elementor-widget-container\">\n\t\t\t\t\t\t\t\t\t\t\t\t\t\t\t<img decoding=\"async\" src=\"https:\/\/formateiendom.no\/soeberg-gate-3-bolig\/wp-content\/uploads\/sites\/30\/elementor\/thumbs\/Foto002-pwqebhx19pwne5yljrhvl9krvo04uzd42lf1w34vgg.jpg\" title=\"Foto002\" alt=\"Foto002\" loading=\"lazy\" \/>\t\t\t\t\t\t\t\t\t\t\t\t\t\t\t<\/div>\n\t\t\t\t<\/div>\n\t\t\t\t\t<\/div>\n\t\t<\/div>\n\t\t\t\t<div class=\"elementor-column elementor-col-50 elementor-top-column elementor-element elementor-element-e2fac0b\" data-id=\"e2fac0b\" data-element_type=\"column\" data-e-type=\"column\">\n\t\t\t<div class=\"elementor-widget-wrap elementor-element-populated\">\n\t\t\t\t\t\t<div class=\"elementor-element elementor-element-0591748 elementor-widget elementor-widget-image\" data-id=\"0591748\" data-element_type=\"widget\" data-e-type=\"widget\" data-widget_type=\"image.default\">\n\t\t\t\t<div class=\"elementor-widget-container\">\n\t\t\t\t\t\t\t\t\t\t\t\t\t\t\t<img decoding=\"async\" src=\"https:\/\/formateiendom.no\/soeberg-gate-3-bolig\/wp-content\/uploads\/sites\/30\/elementor\/thumbs\/501-mot-syd-pwqni5l5fmjvjxnuqox8ptq6ra8glw1uv743g8v6m8.jpg\" title=\"501-mot-syd\" alt=\"501-mot-syd\" loading=\"lazy\" \/>\t\t\t\t\t\t\t\t\t\t\t\t\t\t\t<\/div>\n\t\t\t\t<\/div>\n\t\t\t\t\t<\/div>\n\t\t<\/div>\n\t\t\t\t\t<\/div>\n\t\t<\/section>\n\t\t\t\t<section class=\"elementor-section elementor-top-section elementor-element elementor-element-a4113b3 elementor-section-boxed elementor-section-height-default elementor-section-height-default\" data-id=\"a4113b3\" data-element_type=\"section\" data-e-type=\"section\">\n\t\t\t\t\t\t<div class=\"elementor-container elementor-column-gap-default\">\n\t\t\t\t\t<div class=\"elementor-column elementor-col-50 elementor-top-column elementor-element elementor-element-0a33e98\" data-id=\"0a33e98\" data-element_type=\"column\" data-e-type=\"column\">\n\t\t\t<div class=\"elementor-widget-wrap elementor-element-populated\">\n\t\t\t\t\t\t<div class=\"elementor-element elementor-element-9f35ec9 elementor-widget elementor-widget-text-editor\" data-id=\"9f35ec9\" data-element_type=\"widget\" data-e-type=\"widget\" data-widget_type=\"text-editor.default\">\n\t\t\t\t<div class=\"elementor-widget-container\">\n\t\t\t\t\t\t\t\t\t<p><b>Filosofien bak S\u00f8ebergs Gate 3 er enkelhet.<br \/><\/b>Det setter sitt preg p\u00e5 tilv\u00e6relsen i byen. Med leilighet midt i byen, kan du ta heisen ned fra leiligheten i 5. etasje og rusle ut i gata for en morgenkaffe.\u00a0<\/p><p>Det er gangavstand til alt du trenger i hverdagen; dagligvarebutikker, apotek, restauranter,\u00a0kj\u00f8pesenter og andre servicetilbud.<\/p>\t\t\t\t\t\t\t\t<\/div>\n\t\t\t\t<\/div>\n\t\t\t\t\t<\/div>\n\t\t<\/div>\n\t\t\t\t<div class=\"elementor-column elementor-col-50 elementor-top-column elementor-element elementor-element-5e142f4\" data-id=\"5e142f4\" data-element_type=\"column\" data-e-type=\"column\">\n\t\t\t<div class=\"elementor-widget-wrap elementor-element-populated\">\n\t\t\t\t\t\t<div class=\"elementor-element elementor-element-847adc0 elementor-widget elementor-widget-text-editor\" data-id=\"847adc0\" data-element_type=\"widget\" data-e-type=\"widget\" data-widget_type=\"text-editor.default\">\n\t\t\t\t<div class=\"elementor-widget-container\">\n\t\t\t\t\t\t\t\t\t<p><b>Avstander <br \/><\/b>I S\u00f8ebergs gate 3 har du ogs\u00e5 kort vei til buss og tog. Dersom du \u00f8nsker \u00e5 bruke egen bil, st\u00e5r denne trygt plassert i parkeringskjelleren\u00a0med enkel adkomst til hovedinnfarts\u00e5ren til Sandefjord.\u00a0Dersom du liker \u00e5 ta en l\u00f8petur, ligger Prest\u00e5sen,\u00a0med sine flotte turstier, like i n\u00e6rheten.\u00a0Alternativt henter du sykkelen din, som st\u00e5r trygt oppbevart i parkeringskjelleren, og tar en hyggelig sykkeltur langs brygga.<\/p>\t\t\t\t\t\t\t\t<\/div>\n\t\t\t\t<\/div>\n\t\t\t\t\t<\/div>\n\t\t<\/div>\n\t\t\t\t\t<\/div>\n\t\t<\/section>\n\t\t\t\t<section class=\"elementor-section elementor-top-section elementor-element elementor-element-f097649 elementor-section-full_width elementor-section-height-default elementor-section-height-default\" data-id=\"f097649\" data-element_type=\"section\" data-e-type=\"section\">\n\t\t\t\t\t\t<div class=\"elementor-container elementor-column-gap-no\">\n\t\t\t\t\t<div class=\"elementor-column elementor-col-50 elementor-top-column elementor-element elementor-element-33086fe\" data-id=\"33086fe\" data-element_type=\"column\" data-e-type=\"column\">\n\t\t\t<div class=\"elementor-widget-wrap elementor-element-populated\">\n\t\t\t\t\t\t<div class=\"elementor-element elementor-element-17ce732 elementor-widget elementor-widget-image\" data-id=\"17ce732\" data-element_type=\"widget\" data-e-type=\"widget\" data-widget_type=\"image.default\">\n\t\t\t\t<div class=\"elementor-widget-container\">\n\t\t\t\t\t\t\t\t\t\t\t\t\t\t\t<img decoding=\"async\" src=\"https:\/\/formateiendom.no\/soeberg-gate-3-bolig\/wp-content\/uploads\/sites\/30\/elementor\/thumbs\/Foto011-pwqenya1toyf85vbtnax4mfn8gm7ult2s8lnt2o30g.jpg\" title=\"Foto011\" alt=\"Foto011\" loading=\"lazy\" \/>\t\t\t\t\t\t\t\t\t\t\t\t\t\t\t<\/div>\n\t\t\t\t<\/div>\n\t\t\t\t\t<\/div>\n\t\t<\/div>\n\t\t\t\t<div class=\"elementor-column elementor-col-50 elementor-top-column elementor-element elementor-element-c0ea206\" data-id=\"c0ea206\" data-element_type=\"column\" data-e-type=\"column\">\n\t\t\t<div class=\"elementor-widget-wrap elementor-element-populated\">\n\t\t\t\t\t\t<div class=\"elementor-element elementor-element-4ae0733 elementor-widget elementor-widget-image\" data-id=\"4ae0733\" data-element_type=\"widget\" data-e-type=\"widget\" data-widget_type=\"image.default\">\n\t\t\t\t<div class=\"elementor-widget-container\">\n\t\t\t\t\t\t\t\t\t\t\t\t\t\t\t<img decoding=\"async\" src=\"https:\/\/formateiendom.no\/soeberg-gate-3-bolig\/wp-content\/uploads\/sites\/30\/elementor\/thumbs\/Foto015-pwqeqie8fggity5ivr4cwz6tg806sxyrswj8u6vi2o.jpg\" title=\"Foto015\" alt=\"Foto015\" loading=\"lazy\" \/>\t\t\t\t\t\t\t\t\t\t\t\t\t\t\t<\/div>\n\t\t\t\t<\/div>\n\t\t\t\t\t<\/div>\n\t\t<\/div>\n\t\t\t\t\t<\/div>\n\t\t<\/section>\n\t\t\t\t<\/div>\n\t\t","protected":false},"excerpt":{"rendered":"<p>Om prosjektet 4 eksklusive toppleiligheter midt i Sandefjord sentrumP\u00e5 den inntrukne toppetasjen i 5. etg, bygges det fire flotte,\u00a0gjennomg\u00e5ende leiligheter fra 103 \u2013 120 m\u00b2 med tilh\u00f8rende takterrasse. Leilighetene er l\u00f8ftet s\u00e5 h\u00f8yt at den flotte\u00a0utsikten over Sandefjord \u00e5penbarer seg og skaper et godt utgangspunkt for gode leiligheter. Sentral beliggenhetS\u00f8bergs gate 3 har en sentral [&hellip;]<\/p>\n","protected":false},"author":1,"featured_media":0,"parent":0,"menu_order":0,"comment_status":"closed","ping_status":"closed","template":"elementor_header_footer","meta":{"inline_featured_image":false,"footnotes":""},"class_list":["post-248","page","type-page","status-publish","hentry"],"yoast_head":"<!-- This site is optimized with the Yoast SEO plugin v26.9 - https:\/\/yoast.com\/product\/yoast-seo-wordpress\/ -->\n<title>Om prosjektet - S\u00f8ebergs Gate 3, Sandefjord<\/title>\n<meta name=\"robots\" content=\"index, follow, max-snippet:-1, max-image-preview:large, max-video-preview:-1\" \/>\n<link rel=\"canonical\" href=\"https:\/\/formateiendom.no\/soeberg-gate-3-bolig\/om-prosjektet\/\" \/>\n<meta property=\"og:locale\" content=\"nb_NO\" \/>\n<meta property=\"og:type\" content=\"article\" \/>\n<meta property=\"og:title\" content=\"Om prosjektet - S\u00f8ebergs Gate 3, Sandefjord\" \/>\n<meta property=\"og:description\" content=\"Om prosjektet 4 eksklusive toppleiligheter midt i Sandefjord sentrumP\u00e5 den inntrukne toppetasjen i 5. etg, bygges det fire flotte,\u00a0gjennomg\u00e5ende leiligheter fra 103 \u2013 120 m\u00b2 med tilh\u00f8rende takterrasse. Leilighetene er l\u00f8ftet s\u00e5 h\u00f8yt at den flotte\u00a0utsikten over Sandefjord \u00e5penbarer seg og skaper et godt utgangspunkt for gode leiligheter. Sentral beliggenhetS\u00f8bergs gate 3 har en sentral [&hellip;]\" \/>\n<meta property=\"og:url\" content=\"https:\/\/formateiendom.no\/soeberg-gate-3-bolig\/om-prosjektet\/\" \/>\n<meta property=\"og:site_name\" content=\"S\u00f8eberg Gate 3 Bolig\" \/>\n<meta property=\"article:modified_time\" content=\"2022-10-25T18:43:57+00:00\" \/>\n<meta property=\"og:image\" content=\"https:\/\/formateiendom.no\/soeberg-gate-3-bolig\/wp-content\/uploads\/sites\/30\/elementor\/thumbs\/Foto001-pwqeb2vm8dc28ekfzkzuhddedi29ftpeoiza7nr680.jpg\" \/>\n<meta name=\"twitter:card\" content=\"summary_large_image\" \/>\n<meta name=\"twitter:label1\" content=\"Ansl. lesetid\" \/>\n\t<meta name=\"twitter:data1\" content=\"3 minutter\" \/>\n<script type=\"application\/ld+json\" class=\"yoast-schema-graph\">{\"@context\":\"https:\/\/schema.org\",\"@graph\":[{\"@type\":\"WebPage\",\"@id\":\"https:\/\/formateiendom.no\/soeberg-gate-3-bolig\/om-prosjektet\/\",\"url\":\"https:\/\/formateiendom.no\/soeberg-gate-3-bolig\/om-prosjektet\/\",\"name\":\"Om prosjektet - S\u00f8ebergs Gate 3, Sandefjord\",\"isPartOf\":{\"@id\":\"https:\/\/formateiendom.no\/soeberg-gate-3-bolig\/#website\"},\"primaryImageOfPage\":{\"@id\":\"https:\/\/formateiendom.no\/soeberg-gate-3-bolig\/om-prosjektet\/#primaryimage\"},\"image\":{\"@id\":\"https:\/\/formateiendom.no\/soeberg-gate-3-bolig\/om-prosjektet\/#primaryimage\"},\"thumbnailUrl\":\"https:\/\/formateiendom.no\/soeberg-gate-3-bolig\/wp-content\/uploads\/sites\/30\/elementor\/thumbs\/Foto001-pwqeb2vm8dc28ekfzkzuhddedi29ftpeoiza7nr680.jpg\",\"datePublished\":\"2022-10-25T15:38:28+00:00\",\"dateModified\":\"2022-10-25T18:43:57+00:00\",\"breadcrumb\":{\"@id\":\"https:\/\/formateiendom.no\/soeberg-gate-3-bolig\/om-prosjektet\/#breadcrumb\"},\"inLanguage\":\"nb-NO\",\"potentialAction\":[{\"@type\":\"ReadAction\",\"target\":[\"https:\/\/formateiendom.no\/soeberg-gate-3-bolig\/om-prosjektet\/\"]}]},{\"@type\":\"ImageObject\",\"inLanguage\":\"nb-NO\",\"@id\":\"https:\/\/formateiendom.no\/soeberg-gate-3-bolig\/om-prosjektet\/#primaryimage\",\"url\":\"https:\/\/formateiendom.no\/soeberg-gate-3-bolig\/wp-content\/uploads\/sites\/30\/elementor\/thumbs\/Foto001-pwqeb2vm8dc28ekfzkzuhddedi29ftpeoiza7nr680.jpg\",\"contentUrl\":\"https:\/\/formateiendom.no\/soeberg-gate-3-bolig\/wp-content\/uploads\/sites\/30\/elementor\/thumbs\/Foto001-pwqeb2vm8dc28ekfzkzuhddedi29ftpeoiza7nr680.jpg\"},{\"@type\":\"BreadcrumbList\",\"@id\":\"https:\/\/formateiendom.no\/soeberg-gate-3-bolig\/om-prosjektet\/#breadcrumb\",\"itemListElement\":[{\"@type\":\"ListItem\",\"position\":1,\"name\":\"Hjem\",\"item\":\"https:\/\/formateiendom.no\/soeberg-gate-3-bolig\/\"},{\"@type\":\"ListItem\",\"position\":2,\"name\":\"Om prosjektet\"}]},{\"@type\":\"WebSite\",\"@id\":\"https:\/\/formateiendom.no\/soeberg-gate-3-bolig\/#website\",\"url\":\"https:\/\/formateiendom.no\/soeberg-gate-3-bolig\/\",\"name\":\"S\u00f8eberg Gate 3 Bolig\",\"description\":\"Bare enda et Format Eiendom-nettsted\",\"potentialAction\":[{\"@type\":\"SearchAction\",\"target\":{\"@type\":\"EntryPoint\",\"urlTemplate\":\"https:\/\/formateiendom.no\/soeberg-gate-3-bolig\/?s={search_term_string}\"},\"query-input\":{\"@type\":\"PropertyValueSpecification\",\"valueRequired\":true,\"valueName\":\"search_term_string\"}}],\"inLanguage\":\"nb-NO\"}]}<\/script>\n<!-- \/ Yoast SEO plugin. -->","yoast_head_json":{"title":"Om prosjektet - S\u00f8ebergs Gate 3, Sandefjord","robots":{"index":"index","follow":"follow","max-snippet":"max-snippet:-1","max-image-preview":"max-image-preview:large","max-video-preview":"max-video-preview:-1"},"canonical":"https:\/\/formateiendom.no\/soeberg-gate-3-bolig\/om-prosjektet\/","og_locale":"nb_NO","og_type":"article","og_title":"Om prosjektet - S\u00f8ebergs Gate 3, Sandefjord","og_description":"Om prosjektet 4 eksklusive toppleiligheter midt i Sandefjord sentrumP\u00e5 den inntrukne toppetasjen i 5. etg, bygges det fire flotte,\u00a0gjennomg\u00e5ende leiligheter fra 103 \u2013 120 m\u00b2 med tilh\u00f8rende takterrasse. Leilighetene er l\u00f8ftet s\u00e5 h\u00f8yt at den flotte\u00a0utsikten over Sandefjord \u00e5penbarer seg og skaper et godt utgangspunkt for gode leiligheter. Sentral beliggenhetS\u00f8bergs gate 3 har en sentral [&hellip;]","og_url":"https:\/\/formateiendom.no\/soeberg-gate-3-bolig\/om-prosjektet\/","og_site_name":"S\u00f8eberg Gate 3 Bolig","article_modified_time":"2022-10-25T18:43:57+00:00","og_image":[{"url":"https:\/\/formateiendom.no\/soeberg-gate-3-bolig\/wp-content\/uploads\/sites\/30\/elementor\/thumbs\/Foto001-pwqeb2vm8dc28ekfzkzuhddedi29ftpeoiza7nr680.jpg","type":"","width":"","height":""}],"twitter_card":"summary_large_image","twitter_misc":{"Ansl. lesetid":"3 minutter"},"schema":{"@context":"https:\/\/schema.org","@graph":[{"@type":"WebPage","@id":"https:\/\/formateiendom.no\/soeberg-gate-3-bolig\/om-prosjektet\/","url":"https:\/\/formateiendom.no\/soeberg-gate-3-bolig\/om-prosjektet\/","name":"Om prosjektet - S\u00f8ebergs Gate 3, Sandefjord","isPartOf":{"@id":"https:\/\/formateiendom.no\/soeberg-gate-3-bolig\/#website"},"primaryImageOfPage":{"@id":"https:\/\/formateiendom.no\/soeberg-gate-3-bolig\/om-prosjektet\/#primaryimage"},"image":{"@id":"https:\/\/formateiendom.no\/soeberg-gate-3-bolig\/om-prosjektet\/#primaryimage"},"thumbnailUrl":"https:\/\/formateiendom.no\/soeberg-gate-3-bolig\/wp-content\/uploads\/sites\/30\/elementor\/thumbs\/Foto001-pwqeb2vm8dc28ekfzkzuhddedi29ftpeoiza7nr680.jpg","datePublished":"2022-10-25T15:38:28+00:00","dateModified":"2022-10-25T18:43:57+00:00","breadcrumb":{"@id":"https:\/\/formateiendom.no\/soeberg-gate-3-bolig\/om-prosjektet\/#breadcrumb"},"inLanguage":"nb-NO","potentialAction":[{"@type":"ReadAction","target":["https:\/\/formateiendom.no\/soeberg-gate-3-bolig\/om-prosjektet\/"]}]},{"@type":"ImageObject","inLanguage":"nb-NO","@id":"https:\/\/formateiendom.no\/soeberg-gate-3-bolig\/om-prosjektet\/#primaryimage","url":"https:\/\/formateiendom.no\/soeberg-gate-3-bolig\/wp-content\/uploads\/sites\/30\/elementor\/thumbs\/Foto001-pwqeb2vm8dc28ekfzkzuhddedi29ftpeoiza7nr680.jpg","contentUrl":"https:\/\/formateiendom.no\/soeberg-gate-3-bolig\/wp-content\/uploads\/sites\/30\/elementor\/thumbs\/Foto001-pwqeb2vm8dc28ekfzkzuhddedi29ftpeoiza7nr680.jpg"},{"@type":"BreadcrumbList","@id":"https:\/\/formateiendom.no\/soeberg-gate-3-bolig\/om-prosjektet\/#breadcrumb","itemListElement":[{"@type":"ListItem","position":1,"name":"Hjem","item":"https:\/\/formateiendom.no\/soeberg-gate-3-bolig\/"},{"@type":"ListItem","position":2,"name":"Om prosjektet"}]},{"@type":"WebSite","@id":"https:\/\/formateiendom.no\/soeberg-gate-3-bolig\/#website","url":"https:\/\/formateiendom.no\/soeberg-gate-3-bolig\/","name":"S\u00f8eberg Gate 3 Bolig","description":"Bare enda et Format Eiendom-nettsted","potentialAction":[{"@type":"SearchAction","target":{"@type":"EntryPoint","urlTemplate":"https:\/\/formateiendom.no\/soeberg-gate-3-bolig\/?s={search_term_string}"},"query-input":{"@type":"PropertyValueSpecification","valueRequired":true,"valueName":"search_term_string"}}],"inLanguage":"nb-NO"}]}},"_links":{"self":[{"href":"https:\/\/formateiendom.no\/soeberg-gate-3-bolig\/wp-json\/wp\/v2\/pages\/248","targetHints":{"allow":["GET"]}}],"collection":[{"href":"https:\/\/formateiendom.no\/soeberg-gate-3-bolig\/wp-json\/wp\/v2\/pages"}],"about":[{"href":"https:\/\/formateiendom.no\/soeberg-gate-3-bolig\/wp-json\/wp\/v2\/types\/page"}],"author":[{"embeddable":true,"href":"https:\/\/formateiendom.no\/soeberg-gate-3-bolig\/wp-json\/wp\/v2\/users\/1"}],"replies":[{"embeddable":true,"href":"https:\/\/formateiendom.no\/soeberg-gate-3-bolig\/wp-json\/wp\/v2\/comments?post=248"}],"version-history":[{"count":10,"href":"https:\/\/formateiendom.no\/soeberg-gate-3-bolig\/wp-json\/wp\/v2\/pages\/248\/revisions"}],"predecessor-version":[{"id":259,"href":"https:\/\/formateiendom.no\/soeberg-gate-3-bolig\/wp-json\/wp\/v2\/pages\/248\/revisions\/259"}],"wp:attachment":[{"href":"https:\/\/formateiendom.no\/soeberg-gate-3-bolig\/wp-json\/wp\/v2\/media?parent=248"}],"curies":[{"name":"wp","href":"https:\/\/api.w.org\/{rel}","templated":true}]}}